{"id":2,"date":"2018-11-17T15:55:22","date_gmt":"2018-11-17T15:55:22","guid":{"rendered":"http:\/\/soegaard-polen.pl\/?page_id=2"},"modified":"2026-03-31T10:15:57","modified_gmt":"2026-03-31T10:15:57","slug":"home","status":"publish","type":"page","link":"https:\/\/soegaard-polen.pl\/pl\/","title":{"rendered":""},"content":{"rendered":"\t\t<div data-elementor-type=\"wp-page\" data-elementor-id=\"2\" class=\"elementor elementor-2\">\n\t\t\t\t\t\t<section class=\"elementor-section elementor-top-section elementor-element elementor-element-e69fa58 elementor-section-boxed elementor-section-height-default elementor-section-height-default\" data-id=\"e69fa58\" data-element_type=\"section\" data-e-type=\"section\">\n\t\t\t\t\t\t<div class=\"elementor-container elementor-column-gap-default\">\n\t\t\t\t\t<div class=\"elementor-column elementor-col-100 elementor-top-column elementor-element elementor-element-b24e279\" data-id=\"b24e279\" data-element_type=\"column\" data-e-type=\"column\">\n\t\t\t<div class=\"elementor-widget-wrap elementor-element-populated\">\n\t\t\t\t\t\t<div class=\"elementor-element elementor-element-b2b82cc elementor-widget elementor-widget-text-editor\" data-id=\"b2b82cc\" data-element_type=\"widget\" data-e-type=\"widget\" data-widget_type=\"text-editor.default\">\n\t\t\t\t<div class=\"elementor-widget-container\">\n\t\t\t\t\t\t\t\t\t<p><span class=\"css-1jxf684 r-bcqeeo r-1ttztb7 r-qvutc0 r-poiln3 r-1adg3ll r-1g7jtus r-1x3r274\"><span class=\"css-1jxf684 r-bcqeeo r-1ttztb7 r-qvutc0 r-poiln3\"><span class=\"css-1jxf684 r-bcqeeo r-1ttztb7 r-qvutc0 r-poiln3 r-1x3r274\"><strong>S\u00f8gaard Industri Polen Process &amp; Engineering<\/strong>\u00a0<\/span><\/span><\/span><\/p>\t\t\t\t\t\t\t\t<\/div>\n\t\t\t\t<\/div>\n\t\t\t\t<div class=\"elementor-element elementor-element-9caca54 elementor-widget elementor-widget-text-editor\" data-id=\"9caca54\" data-element_type=\"widget\" data-e-type=\"widget\" data-widget_type=\"text-editor.default\">\n\t\t\t\t<div class=\"elementor-widget-container\">\n\t\t\t\t\t\t\t\t\t<p style=\"text-align: center;\">Jeste\u015bmy firm\u0105, kt\u00f3ra od 2016 roku konsekwentnie buduje swoj\u0105 pozycj\u0119 w bran\u017cy in\u017cynieryjno-produkcyjnej,\n\u0142\u0105cz\u0105c skandynawskie standardy jako\u015bci z polskim potencja\u0142em wykonawczym.<\/p>\n<p style=\"text-align: center;\">Nasz\u0105 dzia\u0142alno\u015b\u0107 rozpocz\u0119li\u015bmy jako podwykonawca projekt\u00f3w\nw bran\u017cy spawalniczej za granic\u0105.<\/p>\n<p style=\"text-align: center;\">Zdobyte do\u015bwiadczenie oraz zaufanie partner\u00f3w pozwoli\u0142y nam ju\u017c w 2018 roku uruchomi\u0107 w\u0142asn\u0105 produkcj\u0119\n<br>w Polsce.<\/p>\n<p style=\"text-align: center;\">Dzi\u015b specjalizujemy si\u0119 w kompleksowej produkcji wysokiej jako\u015bci urz\u0105dze\u0144 ze stali nierdzewnej, takich jak:<\/p>\n\n<ul style=\"text-align: center;\">\n \t<li>zbiorniki,<\/li>\n \t<li>miksery,<\/li>\n \t<li>skidy,<\/li>\n \t<li>systemy i urz\u0105dzenia filtracyjne.<\/li>\n<\/ul>\n<p style=\"text-align: center;\">Oferujemy r\u00f3wnie\u017c profesjonalne us\u0142ugi spawalnicze i monta\u017cowe \u2013 zar\u00f3wno na terenie Polski, jak i za granic\u0105.<\/p>\n<p style=\"text-align: center;\">Stawiamy na precyzj\u0119, niezawodno\u015b\u0107 oraz indywidualne podej\u015bcie do ka\u017cdego projektu.<\/p>\n<p style=\"text-align: center;\">Tworzymy rozwi\u0105zania dopasowane do potrzeb najbardziej wymagaj\u0105cych klient\u00f3w.<\/p>\n<p style=\"text-align: center;\"><strong>Zapraszamy do zapoznania si\u0119 z naszymi <a href=\"https:\/\/soegaard-polen.pl\/pl\/galeria_\/\">realizacjami<\/a>.<\/strong><\/p>\n<p style=\"text-align: center;\"><\/p>\t\t\t\t\t\t\t\t<\/div>\n\t\t\t\t<\/div>\n\t\t\t\t\t<\/div>\n\t\t<\/div>\n\t\t\t\t\t<\/div>\n\t\t<\/section>\n\t\t\t\t<\/div>\n\t\t","protected":false},"excerpt":{"rendered":"<p>S\u00f8gaard Industri Polen Process &amp; Engineering\u00a0 Jeste\u015bmy firm\u0105, kt\u00f3ra od 2016 roku konsekwentnie buduje swoj\u0105 pozycj\u0119 w bran\u017cy in\u017cynieryjno-produkcyjnej, \u0142\u0105cz\u0105c skandynawskie standardy jako\u015bci z polskim &hellip;<\/p>\n","protected":false},"author":1,"featured_media":0,"parent":0,"menu_order":0,"comment_status":"closed","ping_status":"closed","template":"","meta":{"ngg_post_thumbnail":0,"footnotes":""},"class_list":["post-2","page","type-page","status-publish","hentry"],"yoast_head":"<!-- This site is optimized with the Yoast SEO plugin v19.13 - https:\/\/yoast.com\/wordpress\/plugins\/seo\/ -->\n<title>- Sogaard Industri Polen<\/title>\n<meta name=\"robots\" content=\"index, follow, max-snippet:-1, max-image-preview:large, max-video-preview:-1\" \/>\n<link rel=\"canonical\" href=\"https:\/\/soegaard-polen.pl\/pl\/\" \/>\n<meta property=\"og:locale\" content=\"pl_PL\" \/>\n<meta property=\"og:type\" content=\"article\" \/>\n<meta property=\"og:title\" content=\"- Sogaard Industri Polen\" \/>\n<meta property=\"og:description\" content=\"S\u00f8gaard Industri Polen Process &amp; Engineering\u00a0 Jeste\u015bmy firm\u0105, kt\u00f3ra od 2016 roku konsekwentnie buduje swoj\u0105 pozycj\u0119 w bran\u017cy in\u017cynieryjno-produkcyjnej, \u0142\u0105cz\u0105c skandynawskie standardy jako\u015bci z polskim &hellip;\" \/>\n<meta property=\"og:url\" content=\"https:\/\/soegaard-polen.pl\/pl\/\" \/>\n<meta property=\"og:site_name\" content=\"Sogaard Industri Polen\" \/>\n<meta property=\"article:modified_time\" content=\"2026-03-31T10:15:57+00:00\" \/>\n<meta name=\"twitter:card\" content=\"summary_large_image\" \/>\n<meta name=\"twitter:label1\" content=\"Szacowany czas czytania\" \/>\n\t<meta name=\"twitter:data1\" content=\"1 minuta\" \/>\n<script type=\"application\/ld+json\" class=\"yoast-schema-graph\">{\"@context\":\"https:\/\/schema.org\",\"@graph\":[{\"@type\":\"WebPage\",\"@id\":\"https:\/\/soegaard-polen.pl\/pl\/\",\"url\":\"https:\/\/soegaard-polen.pl\/pl\/\",\"name\":\"- Sogaard Industri Polen\",\"isPartOf\":{\"@id\":\"https:\/\/soegaard-polen.pl\/pl\/#website\"},\"datePublished\":\"2018-11-17T15:55:22+00:00\",\"dateModified\":\"2026-03-31T10:15:57+00:00\",\"inLanguage\":\"pl-PL\",\"potentialAction\":[{\"@type\":\"ReadAction\",\"target\":[\"https:\/\/soegaard-polen.pl\/pl\/\"]}]},{\"@type\":\"WebSite\",\"@id\":\"https:\/\/soegaard-polen.pl\/pl\/#website\",\"url\":\"https:\/\/soegaard-polen.pl\/pl\/\",\"name\":\"Sogaard Industri Polen\",\"description\":\"\",\"publisher\":{\"@id\":\"https:\/\/soegaard-polen.pl\/pl\/#organization\"},\"potentialAction\":[{\"@type\":\"SearchAction\",\"target\":{\"@type\":\"EntryPoint\",\"urlTemplate\":\"https:\/\/soegaard-polen.pl\/pl\/?s={search_term_string}\"},\"query-input\":\"required name=search_term_string\"}],\"inLanguage\":\"pl-PL\"},{\"@type\":\"Organization\",\"@id\":\"https:\/\/soegaard-polen.pl\/pl\/#organization\",\"name\":\"Sogaard Industri Polen\",\"url\":\"https:\/\/soegaard-polen.pl\/pl\/\",\"logo\":{\"@type\":\"ImageObject\",\"inLanguage\":\"pl-PL\",\"@id\":\"https:\/\/soegaard-polen.pl\/pl\/#\/schema\/logo\/image\/\",\"url\":\"https:\/\/soegaard-polen.pl\/wp-content\/uploads\/2026\/03\/cropped-logosp-scaled-1.png\",\"contentUrl\":\"https:\/\/soegaard-polen.pl\/wp-content\/uploads\/2026\/03\/cropped-logosp-scaled-1.png\",\"width\":2559,\"height\":525,\"caption\":\"Sogaard Industri Polen \"},\"image\":{\"@id\":\"https:\/\/soegaard-polen.pl\/pl\/#\/schema\/logo\/image\/\"}}]}<\/script>\n<!-- \/ Yoast SEO plugin. -->","yoast_head_json":{"title":"- Sogaard Industri Polen","robots":{"index":"index","follow":"follow","max-snippet":"max-snippet:-1","max-image-preview":"max-image-preview:large","max-video-preview":"max-video-preview:-1"},"canonical":"https:\/\/soegaard-polen.pl\/pl\/","og_locale":"pl_PL","og_type":"article","og_title":"- Sogaard Industri Polen","og_description":"S\u00f8gaard Industri Polen Process &amp; Engineering\u00a0 Jeste\u015bmy firm\u0105, kt\u00f3ra od 2016 roku konsekwentnie buduje swoj\u0105 pozycj\u0119 w bran\u017cy in\u017cynieryjno-produkcyjnej, \u0142\u0105cz\u0105c skandynawskie standardy jako\u015bci z polskim &hellip;","og_url":"https:\/\/soegaard-polen.pl\/pl\/","og_site_name":"Sogaard Industri Polen","article_modified_time":"2026-03-31T10:15:57+00:00","twitter_card":"summary_large_image","twitter_misc":{"Szacowany czas czytania":"1 minuta"},"schema":{"@context":"https:\/\/schema.org","@graph":[{"@type":"WebPage","@id":"https:\/\/soegaard-polen.pl\/pl\/","url":"https:\/\/soegaard-polen.pl\/pl\/","name":"- Sogaard Industri Polen","isPartOf":{"@id":"https:\/\/soegaard-polen.pl\/pl\/#website"},"datePublished":"2018-11-17T15:55:22+00:00","dateModified":"2026-03-31T10:15:57+00:00","inLanguage":"pl-PL","potentialAction":[{"@type":"ReadAction","target":["https:\/\/soegaard-polen.pl\/pl\/"]}]},{"@type":"WebSite","@id":"https:\/\/soegaard-polen.pl\/pl\/#website","url":"https:\/\/soegaard-polen.pl\/pl\/","name":"Sogaard Industri Polen","description":"","publisher":{"@id":"https:\/\/soegaard-polen.pl\/pl\/#organization"},"potentialAction":[{"@type":"SearchAction","target":{"@type":"EntryPoint","urlTemplate":"https:\/\/soegaard-polen.pl\/pl\/?s={search_term_string}"},"query-input":"required name=search_term_string"}],"inLanguage":"pl-PL"},{"@type":"Organization","@id":"https:\/\/soegaard-polen.pl\/pl\/#organization","name":"Sogaard Industri Polen","url":"https:\/\/soegaard-polen.pl\/pl\/","logo":{"@type":"ImageObject","inLanguage":"pl-PL","@id":"https:\/\/soegaard-polen.pl\/pl\/#\/schema\/logo\/image\/","url":"https:\/\/soegaard-polen.pl\/wp-content\/uploads\/2026\/03\/cropped-logosp-scaled-1.png","contentUrl":"https:\/\/soegaard-polen.pl\/wp-content\/uploads\/2026\/03\/cropped-logosp-scaled-1.png","width":2559,"height":525,"caption":"Sogaard Industri Polen "},"image":{"@id":"https:\/\/soegaard-polen.pl\/pl\/#\/schema\/logo\/image\/"}}]}},"_links":{"self":[{"href":"https:\/\/soegaard-polen.pl\/pl\/wp-json\/wp\/v2\/pages\/2","targetHints":{"allow":["GET"]}}],"collection":[{"href":"https:\/\/soegaard-polen.pl\/pl\/wp-json\/wp\/v2\/pages"}],"about":[{"href":"https:\/\/soegaard-polen.pl\/pl\/wp-json\/wp\/v2\/types\/page"}],"author":[{"embeddable":true,"href":"https:\/\/soegaard-polen.pl\/pl\/wp-json\/wp\/v2\/users\/1"}],"replies":[{"embeddable":true,"href":"https:\/\/soegaard-polen.pl\/pl\/wp-json\/wp\/v2\/comments?post=2"}],"version-history":[{"count":125,"href":"https:\/\/soegaard-polen.pl\/pl\/wp-json\/wp\/v2\/pages\/2\/revisions"}],"predecessor-version":[{"id":1492,"href":"https:\/\/soegaard-polen.pl\/pl\/wp-json\/wp\/v2\/pages\/2\/revisions\/1492"}],"wp:attachment":[{"href":"https:\/\/soegaard-polen.pl\/pl\/wp-json\/wp\/v2\/media?parent=2"}],"curies":[{"name":"wp","href":"https:\/\/api.w.org\/{rel}","templated":true}]}}