{"id":1115,"date":"2026-03-24T20:37:40","date_gmt":"2026-03-24T20:37:40","guid":{"rendered":"https:\/\/soegaard-polen.pl\/?page_id=1115"},"modified":"2026-04-06T18:31:43","modified_gmt":"2026-04-06T18:31:43","slug":"wynajem-personelu","status":"publish","type":"page","link":"https:\/\/soegaard-polen.pl\/pl\/wynajem-personelu\/","title":{"rendered":"WYNAJEM PERSONELU"},"content":{"rendered":"\t\t<div data-elementor-type=\"wp-page\" data-elementor-id=\"1115\" class=\"elementor elementor-1115\">\n\t\t\t\t\t\t<section class=\"elementor-section elementor-top-section elementor-element elementor-element-60b227e elementor-section-boxed elementor-section-height-default elementor-section-height-default\" data-id=\"60b227e\" data-element_type=\"section\" data-e-type=\"section\">\n\t\t\t\t\t\t<div class=\"elementor-container elementor-column-gap-default\">\n\t\t\t\t\t<div class=\"elementor-column elementor-col-100 elementor-top-column elementor-element elementor-element-c868db7\" data-id=\"c868db7\" data-element_type=\"column\" data-e-type=\"column\">\n\t\t\t<div class=\"elementor-widget-wrap elementor-element-populated\">\n\t\t\t\t\t\t<div class=\"elementor-element elementor-element-12cc285 elementor-widget elementor-widget-text-editor\" data-id=\"12cc285\" data-element_type=\"widget\" data-e-type=\"widget\" data-widget_type=\"text-editor.default\">\n\t\t\t\t<div class=\"elementor-widget-container\">\n\t\t\t\t\t\t\t\t\t<p style=\"font-weight: 400;\">Oferujemy wynajem wykwalifikowanych pracownik\u00f3w dla firm poszukuj\u0105cych sprawdzonych specjalist\u00f3w do realizacji wymagaj\u0105cych projekt\u00f3w produkcyjnych i monta\u017cowych. Nasz zesp\u00f3\u0142 tworzy ponad <strong>50 do\u015bwiadczonych spawaczy TIG, MAG oraz monter\u00f3w<\/strong>, kt\u00f3rzy od lat pracuj\u0105 przy r\u00f3\u017cnorodnych projektach w kraju i za granic\u0105.<\/p>\n<p style=\"font-weight: 400;\">Dzi\u0119ki <strong>ponad 10-letniemu do\u015bwiadczeniu w bran\u017cy<\/strong> doskonale rozumiemy potrzeby naszych partner\u00f3w biznesowych. Zapewniamy pracownik\u00f3w gotowych do pracy od pierwszego dnia, posiadaj\u0105cych odpowiednie kwalifikacje, praktyk\u0119 zawodow\u0105 oraz umiej\u0119tno\u015b\u0107 pracy wed\u0142ug dokumentacji technicznej.<\/p>\n<p style=\"font-weight: 400;\">Stawiamy na <strong>najwy\u017csz\u0105 jako\u015b\u0107 wykonania, precyzj\u0119 oraz dba\u0142o\u015b\u0107 o ka\u017cdy detal<\/strong>, dlatego nasi specjali\u015bci realizuj\u0105 powierzone zadania z pe\u0142nym zaanga\u017cowaniem i profesjonalizmem. Posiadamy wszystkie <strong>niezb\u0119dne certyfikaty i dokumenty<\/strong>, kt\u00f3re potwierdzaj\u0105 kompetencje naszego zespo\u0142u i zgodno\u015b\u0107 z obowi\u0105zuj\u0105cymi standardami bran\u017cowymi.<\/p>\n<p style=\"font-weight: 400;\"><strong>Wsp\u00f3\u0142pracuj\u0105c z nami zyskujesz:<\/strong><\/p>\n<p>&#8211; dost\u0119p do sprawdzonych spawaczy TIG i MAG oraz monter\u00f3w<\/p>\n\n<p>&#8211; elastyczne dopasowanie liczby pracownik\u00f3w do potrzeb projektu<\/p>\n\n<p>&#8211; specjalist\u00f3w z wieloletnim do\u015bwiadczeniem<\/p>\n\n<p>&#8211; gwarancj\u0119 jako\u015bci, terminowo\u015bci i profesjonalnej realizacji<\/p>\n<p style=\"font-weight: 400;\"><strong>Postaw na sprawdzony zesp\u00f3\u0142 i wzmocnij sw\u00f3j projekt do\u015bwiadczonymi fachowcami.<\/strong><\/p>\n<p style=\"font-weight: 400;\"><strong>\u00a0<\/strong><\/p>\n<p style=\"font-weight: 400;\">Kontakt:<\/p>\n<p style=\"font-weight: 400;\"><strong>J\u00f3zef Zelek<\/strong><\/p>\n<p style=\"font-weight: 400;\"><\/p>\n<a href=\"tel:+48797586338\">+48 797 586 338<\/a>\t\t\t\t\t\t\t\t<\/div>\n\t\t\t\t<\/div>\n\t\t\t\t\t<\/div>\n\t\t<\/div>\n\t\t\t\t\t<\/div>\n\t\t<\/section>\n\t\t\t\t<\/div>\n\t\t","protected":false},"excerpt":{"rendered":"<p>Oferujemy wynajem wykwalifikowanych pracownik\u00f3w dla firm poszukuj\u0105cych sprawdzonych specjalist\u00f3w do realizacji wymagaj\u0105cych projekt\u00f3w produkcyjnych i monta\u017cowych. Nasz zesp\u00f3\u0142 tworzy ponad 50 do\u015bwiadczonych spawaczy TIG, MAG &hellip;<\/p>\n","protected":false},"author":1,"featured_media":0,"parent":0,"menu_order":0,"comment_status":"closed","ping_status":"closed","template":"","meta":{"ngg_post_thumbnail":0,"footnotes":""},"class_list":["post-1115","page","type-page","status-publish","hentry"],"yoast_head":"<!-- This site is optimized with the Yoast SEO plugin v19.13 - https:\/\/yoast.com\/wordpress\/plugins\/seo\/ -->\n<title>WYNAJEM PERSONELU - Sogaard Industri Polen<\/title>\n<meta name=\"robots\" content=\"index, follow, max-snippet:-1, max-image-preview:large, max-video-preview:-1\" \/>\n<link rel=\"canonical\" href=\"https:\/\/soegaard-polen.pl\/pl\/wynajem-personelu\/\" \/>\n<meta property=\"og:locale\" content=\"pl_PL\" \/>\n<meta property=\"og:type\" content=\"article\" \/>\n<meta property=\"og:title\" content=\"WYNAJEM PERSONELU - Sogaard Industri Polen\" \/>\n<meta property=\"og:description\" content=\"Oferujemy wynajem wykwalifikowanych pracownik\u00f3w dla firm poszukuj\u0105cych sprawdzonych specjalist\u00f3w do realizacji wymagaj\u0105cych projekt\u00f3w produkcyjnych i monta\u017cowych. Nasz zesp\u00f3\u0142 tworzy ponad 50 do\u015bwiadczonych spawaczy TIG, MAG &hellip;\" \/>\n<meta property=\"og:url\" content=\"https:\/\/soegaard-polen.pl\/pl\/wynajem-personelu\/\" \/>\n<meta property=\"og:site_name\" content=\"Sogaard Industri Polen\" \/>\n<meta property=\"article:modified_time\" content=\"2026-04-06T18:31:43+00:00\" \/>\n<meta name=\"twitter:card\" content=\"summary_large_image\" \/>\n<meta name=\"twitter:label1\" content=\"Szacowany czas czytania\" \/>\n\t<meta name=\"twitter:data1\" content=\"1 minuta\" \/>\n<script type=\"application\/ld+json\" class=\"yoast-schema-graph\">{\"@context\":\"https:\/\/schema.org\",\"@graph\":[{\"@type\":\"WebPage\",\"@id\":\"https:\/\/soegaard-polen.pl\/pl\/wynajem-personelu\/\",\"url\":\"https:\/\/soegaard-polen.pl\/pl\/wynajem-personelu\/\",\"name\":\"WYNAJEM PERSONELU - Sogaard Industri Polen\",\"isPartOf\":{\"@id\":\"https:\/\/soegaard-polen.pl\/pl\/#website\"},\"datePublished\":\"2026-03-24T20:37:40+00:00\",\"dateModified\":\"2026-04-06T18:31:43+00:00\",\"breadcrumb\":{\"@id\":\"https:\/\/soegaard-polen.pl\/pl\/wynajem-personelu\/#breadcrumb\"},\"inLanguage\":\"pl-PL\",\"potentialAction\":[{\"@type\":\"ReadAction\",\"target\":[\"https:\/\/soegaard-polen.pl\/pl\/wynajem-personelu\/\"]}]},{\"@type\":\"BreadcrumbList\",\"@id\":\"https:\/\/soegaard-polen.pl\/pl\/wynajem-personelu\/#breadcrumb\",\"itemListElement\":[{\"@type\":\"ListItem\",\"position\":1,\"name\":\"Strona g\u0142\u00f3wna\",\"item\":\"https:\/\/soegaard-polen.pl\/pl\/\"},{\"@type\":\"ListItem\",\"position\":2,\"name\":\"WYNAJEM PERSONELU\"}]},{\"@type\":\"WebSite\",\"@id\":\"https:\/\/soegaard-polen.pl\/pl\/#website\",\"url\":\"https:\/\/soegaard-polen.pl\/pl\/\",\"name\":\"Sogaard Industri Polen\",\"description\":\"\",\"publisher\":{\"@id\":\"https:\/\/soegaard-polen.pl\/pl\/#organization\"},\"potentialAction\":[{\"@type\":\"SearchAction\",\"target\":{\"@type\":\"EntryPoint\",\"urlTemplate\":\"https:\/\/soegaard-polen.pl\/pl\/?s={search_term_string}\"},\"query-input\":\"required name=search_term_string\"}],\"inLanguage\":\"pl-PL\"},{\"@type\":\"Organization\",\"@id\":\"https:\/\/soegaard-polen.pl\/pl\/#organization\",\"name\":\"Sogaard Industri Polen\",\"url\":\"https:\/\/soegaard-polen.pl\/pl\/\",\"logo\":{\"@type\":\"ImageObject\",\"inLanguage\":\"pl-PL\",\"@id\":\"https:\/\/soegaard-polen.pl\/pl\/#\/schema\/logo\/image\/\",\"url\":\"https:\/\/soegaard-polen.pl\/wp-content\/uploads\/2026\/03\/cropped-logosp-scaled-1.png\",\"contentUrl\":\"https:\/\/soegaard-polen.pl\/wp-content\/uploads\/2026\/03\/cropped-logosp-scaled-1.png\",\"width\":2559,\"height\":525,\"caption\":\"Sogaard Industri Polen \"},\"image\":{\"@id\":\"https:\/\/soegaard-polen.pl\/pl\/#\/schema\/logo\/image\/\"}}]}<\/script>\n<!-- \/ Yoast SEO plugin. -->","yoast_head_json":{"title":"WYNAJEM PERSONELU - Sogaard Industri Polen","robots":{"index":"index","follow":"follow","max-snippet":"max-snippet:-1","max-image-preview":"max-image-preview:large","max-video-preview":"max-video-preview:-1"},"canonical":"https:\/\/soegaard-polen.pl\/pl\/wynajem-personelu\/","og_locale":"pl_PL","og_type":"article","og_title":"WYNAJEM PERSONELU - Sogaard Industri Polen","og_description":"Oferujemy wynajem wykwalifikowanych pracownik\u00f3w dla firm poszukuj\u0105cych sprawdzonych specjalist\u00f3w do realizacji wymagaj\u0105cych projekt\u00f3w produkcyjnych i monta\u017cowych. Nasz zesp\u00f3\u0142 tworzy ponad 50 do\u015bwiadczonych spawaczy TIG, MAG &hellip;","og_url":"https:\/\/soegaard-polen.pl\/pl\/wynajem-personelu\/","og_site_name":"Sogaard Industri Polen","article_modified_time":"2026-04-06T18:31:43+00:00","twitter_card":"summary_large_image","twitter_misc":{"Szacowany czas czytania":"1 minuta"},"schema":{"@context":"https:\/\/schema.org","@graph":[{"@type":"WebPage","@id":"https:\/\/soegaard-polen.pl\/pl\/wynajem-personelu\/","url":"https:\/\/soegaard-polen.pl\/pl\/wynajem-personelu\/","name":"WYNAJEM PERSONELU - Sogaard Industri Polen","isPartOf":{"@id":"https:\/\/soegaard-polen.pl\/pl\/#website"},"datePublished":"2026-03-24T20:37:40+00:00","dateModified":"2026-04-06T18:31:43+00:00","breadcrumb":{"@id":"https:\/\/soegaard-polen.pl\/pl\/wynajem-personelu\/#breadcrumb"},"inLanguage":"pl-PL","potentialAction":[{"@type":"ReadAction","target":["https:\/\/soegaard-polen.pl\/pl\/wynajem-personelu\/"]}]},{"@type":"BreadcrumbList","@id":"https:\/\/soegaard-polen.pl\/pl\/wynajem-personelu\/#breadcrumb","itemListElement":[{"@type":"ListItem","position":1,"name":"Strona g\u0142\u00f3wna","item":"https:\/\/soegaard-polen.pl\/pl\/"},{"@type":"ListItem","position":2,"name":"WYNAJEM PERSONELU"}]},{"@type":"WebSite","@id":"https:\/\/soegaard-polen.pl\/pl\/#website","url":"https:\/\/soegaard-polen.pl\/pl\/","name":"Sogaard Industri Polen","description":"","publisher":{"@id":"https:\/\/soegaard-polen.pl\/pl\/#organization"},"potentialAction":[{"@type":"SearchAction","target":{"@type":"EntryPoint","urlTemplate":"https:\/\/soegaard-polen.pl\/pl\/?s={search_term_string}"},"query-input":"required name=search_term_string"}],"inLanguage":"pl-PL"},{"@type":"Organization","@id":"https:\/\/soegaard-polen.pl\/pl\/#organization","name":"Sogaard Industri Polen","url":"https:\/\/soegaard-polen.pl\/pl\/","logo":{"@type":"ImageObject","inLanguage":"pl-PL","@id":"https:\/\/soegaard-polen.pl\/pl\/#\/schema\/logo\/image\/","url":"https:\/\/soegaard-polen.pl\/wp-content\/uploads\/2026\/03\/cropped-logosp-scaled-1.png","contentUrl":"https:\/\/soegaard-polen.pl\/wp-content\/uploads\/2026\/03\/cropped-logosp-scaled-1.png","width":2559,"height":525,"caption":"Sogaard Industri Polen "},"image":{"@id":"https:\/\/soegaard-polen.pl\/pl\/#\/schema\/logo\/image\/"}}]}},"_links":{"self":[{"href":"https:\/\/soegaard-polen.pl\/pl\/wp-json\/wp\/v2\/pages\/1115","targetHints":{"allow":["GET"]}}],"collection":[{"href":"https:\/\/soegaard-polen.pl\/pl\/wp-json\/wp\/v2\/pages"}],"about":[{"href":"https:\/\/soegaard-polen.pl\/pl\/wp-json\/wp\/v2\/types\/page"}],"author":[{"embeddable":true,"href":"https:\/\/soegaard-polen.pl\/pl\/wp-json\/wp\/v2\/users\/1"}],"replies":[{"embeddable":true,"href":"https:\/\/soegaard-polen.pl\/pl\/wp-json\/wp\/v2\/comments?post=1115"}],"version-history":[{"count":12,"href":"https:\/\/soegaard-polen.pl\/pl\/wp-json\/wp\/v2\/pages\/1115\/revisions"}],"predecessor-version":[{"id":1528,"href":"https:\/\/soegaard-polen.pl\/pl\/wp-json\/wp\/v2\/pages\/1115\/revisions\/1528"}],"wp:attachment":[{"href":"https:\/\/soegaard-polen.pl\/pl\/wp-json\/wp\/v2\/media?parent=1115"}],"curies":[{"name":"wp","href":"https:\/\/api.w.org\/{rel}","templated":true}]}}