{"id":1179,"date":"2018-11-17T16:30:36","date_gmt":"2018-11-17T16:30:36","guid":{"rendered":"https:\/\/soegaard-polen.pl\/contact\/"},"modified":"2026-04-07T11:08:42","modified_gmt":"2026-04-07T11:08:42","slug":"contact","status":"publish","type":"page","link":"https:\/\/soegaard-polen.pl\/en\/contact\/","title":{"rendered":"CONTACT"},"content":{"rendered":"\t\t<div data-elementor-type=\"wp-page\" data-elementor-id=\"1179\" class=\"elementor elementor-1179 elementor-22\">\n\t\t\t\t\t\t<section class=\"elementor-section elementor-top-section elementor-element elementor-element-c6acc93 elementor-section-boxed elementor-section-height-default elementor-section-height-default\" data-id=\"c6acc93\" data-element_type=\"section\" data-e-type=\"section\">\n\t\t\t\t\t\t<div class=\"elementor-container elementor-column-gap-default\">\n\t\t\t\t\t<div class=\"elementor-column elementor-col-100 elementor-top-column elementor-element elementor-element-6c77071\" data-id=\"6c77071\" data-element_type=\"column\" data-e-type=\"column\">\n\t\t\t<div class=\"elementor-widget-wrap elementor-element-populated\">\n\t\t\t\t\t\t<div class=\"elementor-element elementor-element-7f0b755 elementor-widget elementor-widget-text-editor\" data-id=\"7f0b755\" data-element_type=\"widget\" data-e-type=\"widget\" data-widget_type=\"text-editor.default\">\n\t\t\t\t<div class=\"elementor-widget-container\">\n\t\t\t\t\t\t\t\t\t<div>\n<h2>Contact us<\/h2>\n<\/div>\n<p><\/p>\t\t\t\t\t\t\t\t<\/div>\n\t\t\t\t<\/div>\n\t\t\t\t\t<\/div>\n\t\t<\/div>\n\t\t\t\t\t<\/div>\n\t\t<\/section>\n\t\t\t\t<section class=\"elementor-section elementor-top-section elementor-element elementor-element-77c2183 elementor-section-boxed elementor-section-height-default elementor-section-height-default\" data-id=\"77c2183\" data-element_type=\"section\" data-e-type=\"section\">\n\t\t\t\t\t\t<div class=\"elementor-container elementor-column-gap-default\">\n\t\t\t\t\t<div class=\"elementor-column elementor-col-50 elementor-top-column elementor-element elementor-element-b7d3fd8\" data-id=\"b7d3fd8\" data-element_type=\"column\" data-e-type=\"column\">\n\t\t\t<div class=\"elementor-widget-wrap elementor-element-populated\">\n\t\t\t\t\t\t<div class=\"elementor-element elementor-element-315eb71 elementor-widget elementor-widget-image\" data-id=\"315eb71\" data-element_type=\"widget\" data-e-type=\"widget\" data-widget_type=\"image.default\">\n\t\t\t\t<div class=\"elementor-widget-container\">\n\t\t\t\t\t\t\t\t\t\t\t\t\t\t\t<img decoding=\"async\" width=\"150\" height=\"150\" src=\"https:\/\/soegaard-polen.pl\/wp-content\/uploads\/2026\/04\/2-150x150.png\" class=\"attachment-thumbnail size-thumbnail wp-image-1522\" alt=\"\" srcset=\"https:\/\/soegaard-polen.pl\/wp-content\/uploads\/2026\/04\/2-150x150.png 150w, https:\/\/soegaard-polen.pl\/wp-content\/uploads\/2026\/04\/2-300x300.png 300w, https:\/\/soegaard-polen.pl\/wp-content\/uploads\/2026\/04\/2-1024x1024.png 1024w, https:\/\/soegaard-polen.pl\/wp-content\/uploads\/2026\/04\/2-768x768.png 768w, https:\/\/soegaard-polen.pl\/wp-content\/uploads\/2026\/04\/2-1536x1536.png 1536w, https:\/\/soegaard-polen.pl\/wp-content\/uploads\/2026\/04\/2-2048x2048.png 2048w\" sizes=\"(max-width: 150px) 100vw, 150px\" \/>\t\t\t\t\t\t\t\t\t\t\t\t\t\t\t<\/div>\n\t\t\t\t<\/div>\n\t\t\t\t<div class=\"elementor-element elementor-element-92c8e02 elementor-widget elementor-widget-text-editor\" data-id=\"92c8e02\" data-element_type=\"widget\" data-e-type=\"widget\" data-widget_type=\"text-editor.default\">\n\t\t\t\t<div class=\"elementor-widget-container\">\n\t\t\t\t\t\t\t\t\t<div> <\/div><div><i>Company Owner<\/i><\/div><div> <\/div><div><strong>Jim S\u00f8gaard<strong><br><\/strong><\/strong><\/div><div><div><p>jim@soegaard-polen.pl<br>tel. +45 3091 0021<\/p><\/div><\/div>\t\t\t\t\t\t\t\t<\/div>\n\t\t\t\t<\/div>\n\t\t\t\t\t<\/div>\n\t\t<\/div>\n\t\t\t\t<div class=\"elementor-column elementor-col-50 elementor-top-column elementor-element elementor-element-55711cb\" data-id=\"55711cb\" data-element_type=\"column\" data-e-type=\"column\">\n\t\t\t<div class=\"elementor-widget-wrap elementor-element-populated\">\n\t\t\t\t\t\t<div class=\"elementor-element elementor-element-5e39cd6 elementor-widget elementor-widget-image\" data-id=\"5e39cd6\" data-element_type=\"widget\" data-e-type=\"widget\" data-widget_type=\"image.default\">\n\t\t\t\t<div class=\"elementor-widget-container\">\n\t\t\t\t\t\t\t\t\t\t\t\t\t\t\t<img decoding=\"async\" width=\"150\" height=\"150\" src=\"https:\/\/soegaard-polen.pl\/wp-content\/uploads\/2026\/04\/1-150x150.png\" class=\"attachment-thumbnail size-thumbnail wp-image-1519\" alt=\"\" srcset=\"https:\/\/soegaard-polen.pl\/wp-content\/uploads\/2026\/04\/1-150x150.png 150w, https:\/\/soegaard-polen.pl\/wp-content\/uploads\/2026\/04\/1-300x300.png 300w, https:\/\/soegaard-polen.pl\/wp-content\/uploads\/2026\/04\/1-1024x1024.png 1024w, https:\/\/soegaard-polen.pl\/wp-content\/uploads\/2026\/04\/1-768x768.png 768w, https:\/\/soegaard-polen.pl\/wp-content\/uploads\/2026\/04\/1-1536x1536.png 1536w, https:\/\/soegaard-polen.pl\/wp-content\/uploads\/2026\/04\/1-2048x2048.png 2048w\" sizes=\"(max-width: 150px) 100vw, 150px\" \/>\t\t\t\t\t\t\t\t\t\t\t\t\t\t\t<\/div>\n\t\t\t\t<\/div>\n\t\t\t\t<div class=\"elementor-element elementor-element-021c3a3 elementor-widget elementor-widget-text-editor\" data-id=\"021c3a3\" data-element_type=\"widget\" data-e-type=\"widget\" data-widget_type=\"text-editor.default\">\n\t\t\t\t<div class=\"elementor-widget-container\">\n\t\t\t\t\t\t\t\t\t<div> <\/div><div><i>CEO<\/i><\/div><div> <\/div><div><p><strong>J\u00f3zef Zelek<\/strong><br>jz@soegaard-polen.pl<br>tel. +48 797 586 338<\/p><\/div>\t\t\t\t\t\t\t\t<\/div>\n\t\t\t\t<\/div>\n\t\t\t\t\t<\/div>\n\t\t<\/div>\n\t\t\t\t\t<\/div>\n\t\t<\/section>\n\t\t\t\t<section class=\"elementor-section elementor-top-section elementor-element elementor-element-9360fcb elementor-section-boxed elementor-section-height-default elementor-section-height-default\" data-id=\"9360fcb\" data-element_type=\"section\" data-e-type=\"section\">\n\t\t\t\t\t\t<div class=\"elementor-container elementor-column-gap-default\">\n\t\t\t\t\t<div class=\"elementor-column elementor-col-100 elementor-top-column elementor-element elementor-element-886b991\" data-id=\"886b991\" data-element_type=\"column\" data-e-type=\"column\">\n\t\t\t<div class=\"elementor-widget-wrap elementor-element-populated\">\n\t\t\t\t\t\t<div class=\"elementor-element elementor-element-4db5da9 elementor-widget elementor-widget-spacer\" data-id=\"4db5da9\" data-element_type=\"widget\" data-e-type=\"widget\" data-widget_type=\"spacer.default\">\n\t\t\t\t<div class=\"elementor-widget-container\">\n\t\t\t\t\t\t\t<div class=\"elementor-spacer\">\n\t\t\t<div class=\"elementor-spacer-inner\"><\/div>\n\t\t<\/div>\n\t\t\t\t\t\t<\/div>\n\t\t\t\t<\/div>\n\t\t\t\t\t<\/div>\n\t\t<\/div>\n\t\t\t\t\t<\/div>\n\t\t<\/section>\n\t\t\t\t<section class=\"elementor-section elementor-top-section elementor-element elementor-element-49b5050 elementor-section-boxed elementor-section-height-default elementor-section-height-default\" data-id=\"49b5050\" data-element_type=\"section\" data-e-type=\"section\">\n\t\t\t\t\t\t<div class=\"elementor-container elementor-column-gap-default\">\n\t\t\t\t\t<div class=\"elementor-column elementor-col-33 elementor-top-column elementor-element elementor-element-0f9cc21\" data-id=\"0f9cc21\" data-element_type=\"column\" data-e-type=\"column\">\n\t\t\t<div class=\"elementor-widget-wrap elementor-element-populated\">\n\t\t\t\t\t\t<div class=\"elementor-element elementor-element-13c84ab elementor-widget elementor-widget-text-editor\" data-id=\"13c84ab\" data-element_type=\"widget\" data-e-type=\"widget\" data-widget_type=\"text-editor.default\">\n\t\t\t\t<div class=\"elementor-widget-container\">\n\t\t\t\t\t\t\t\t\t<div>\n<p><i>Office:<\/i><\/p>\n<p><strong>Natalia Ciasto\u0144<\/strong><br>office@soegaard-polen.pl<br>tel. +48 881 541 986<\/p>\n<\/div>\n<p><\/p>\t\t\t\t\t\t\t\t<\/div>\n\t\t\t\t<\/div>\n\t\t\t\t\t<\/div>\n\t\t<\/div>\n\t\t\t\t<div class=\"elementor-column elementor-col-33 elementor-top-column elementor-element elementor-element-5007c71\" data-id=\"5007c71\" data-element_type=\"column\" data-e-type=\"column\">\n\t\t\t<div class=\"elementor-widget-wrap elementor-element-populated\">\n\t\t\t\t\t\t<div class=\"elementor-element elementor-element-de6acc0 elementor-widget elementor-widget-text-editor\" data-id=\"de6acc0\" data-element_type=\"widget\" data-e-type=\"widget\" data-widget_type=\"text-editor.default\">\n\t\t\t\t<div class=\"elementor-widget-container\">\n\t\t\t\t\t\t\t\t\t<div><p><i>Accounting:<\/i><\/p><p><strong>Kinga Ojczyk<\/strong><br>kb@soegaard-polen.pl<br>tel. +48 881 541 986<\/p><\/div>\t\t\t\t\t\t\t\t<\/div>\n\t\t\t\t<\/div>\n\t\t\t\t\t<\/div>\n\t\t<\/div>\n\t\t\t\t<div class=\"elementor-column elementor-col-33 elementor-top-column elementor-element elementor-element-f3deb5c\" data-id=\"f3deb5c\" data-element_type=\"column\" data-e-type=\"column\">\n\t\t\t<div class=\"elementor-widget-wrap elementor-element-populated\">\n\t\t\t\t\t\t<div class=\"elementor-element elementor-element-a72e562 elementor-widget elementor-widget-text-editor\" data-id=\"a72e562\" data-element_type=\"widget\" data-e-type=\"widget\" data-widget_type=\"text-editor.default\">\n\t\t\t\t<div class=\"elementor-widget-container\">\n\t\t\t\t\t\t\t\t\t<div>\n<p><i>Designer<\/i><\/p>\n<p><strong>Kamil Pikul<\/strong><br>kp@soegaard-polen.pl<br>tel. +48 505 959 617<\/p>\n<\/div>\n<p><\/p>\t\t\t\t\t\t\t\t<\/div>\n\t\t\t\t<\/div>\n\t\t\t\t\t<\/div>\n\t\t<\/div>\n\t\t\t\t\t<\/div>\n\t\t<\/section>\n\t\t\t\t<section class=\"elementor-section elementor-top-section elementor-element elementor-element-1ebdb261 elementor-section-boxed elementor-section-height-default elementor-section-height-default\" data-id=\"1ebdb261\" data-element_type=\"section\" data-e-type=\"section\">\n\t\t\t\t\t\t<div class=\"elementor-container elementor-column-gap-default\">\n\t\t\t\t\t<div class=\"elementor-column elementor-col-100 elementor-top-column elementor-element elementor-element-37e0f88d\" data-id=\"37e0f88d\" data-element_type=\"column\" data-e-type=\"column\">\n\t\t\t<div class=\"elementor-widget-wrap elementor-element-populated\">\n\t\t\t\t\t\t<div class=\"elementor-element elementor-element-2ea7561 elementor-widget elementor-widget-text-editor\" data-id=\"2ea7561\" data-element_type=\"widget\" data-e-type=\"widget\" data-widget_type=\"text-editor.default\">\n\t\t\t\t<div class=\"elementor-widget-container\">\n\t\t\t\t\t\t\t\t\t<div> <\/div>\n<div>\n<p> <\/p>\n<p>S\u00f8gaard Industri Polen Process &amp; Engineering<br>32-840 Zakliczyn, ul. Grabina 10<\/p>\n<p>NIP: 7372208953<\/p>\n<p>REGON: 365648793<\/p>\n<\/div>\n<p><\/p>\t\t\t\t\t\t\t\t<\/div>\n\t\t\t\t<\/div>\n\t\t\t\t<div class=\"elementor-element elementor-element-f36001c elementor-widget elementor-widget-google_maps\" data-id=\"f36001c\" data-element_type=\"widget\" data-e-type=\"widget\" data-widget_type=\"google_maps.default\">\n\t\t\t\t<div class=\"elementor-widget-container\">\n\t\t\t\t\t\t\t<div class=\"elementor-custom-embed\">\n\t\t\t<iframe loading=\"lazy\"\n\t\t\t\t\tsrc=\"https:\/\/maps.google.com\/maps?q=sogaard%20industri%20polen%20ul.%20grabina%2010%20%2C%20Zakliczyn%2032-840&#038;t=m&#038;z=10&#038;output=embed&#038;iwloc=near\"\n\t\t\t\t\ttitle=\"sogaard industri polen ul. grabina 10 , Zakliczyn 32-840\"\n\t\t\t\t\taria-label=\"sogaard industri polen ul. grabina 10 , Zakliczyn 32-840\"\n\t\t\t><\/iframe>\n\t\t<\/div>\n\t\t\t\t\t\t<\/div>\n\t\t\t\t<\/div>\n\t\t\t\t\t<\/div>\n\t\t<\/div>\n\t\t\t\t\t<\/div>\n\t\t<\/section>\n\t\t\t\t<\/div>\n\t\t","protected":false},"excerpt":{"rendered":"<p>Contact us Company Owner Jim S\u00f8gaard jim@soegaard-polen.pltel. +45 3091 0021 CEO J\u00f3zef Zelekjz@soegaard-polen.pltel. +48 797 586 338 Office: Natalia Ciasto\u0144office@soegaard-polen.pltel. +48 881 541 986 Accounting: &hellip;<\/p>\n","protected":false},"author":1,"featured_media":0,"parent":0,"menu_order":0,"comment_status":"closed","ping_status":"closed","template":"","meta":{"ngg_post_thumbnail":0,"footnotes":""},"class_list":["post-1179","page","type-page","status-publish","hentry"],"yoast_head":"<!-- This site is optimized with the Yoast SEO plugin v19.13 - https:\/\/yoast.com\/wordpress\/plugins\/seo\/ -->\n<title>CONTACT - Sogaard Industri Polen<\/title>\n<meta name=\"robots\" content=\"index, follow, max-snippet:-1, max-image-preview:large, max-video-preview:-1\" \/>\n<link rel=\"canonical\" href=\"https:\/\/soegaard-polen.pl\/en\/contact\/\" \/>\n<meta property=\"og:locale\" content=\"en_US\" \/>\n<meta property=\"og:type\" content=\"article\" \/>\n<meta property=\"og:title\" content=\"CONTACT - Sogaard Industri Polen\" \/>\n<meta property=\"og:description\" content=\"Contact us Company Owner Jim S\u00f8gaard jim@soegaard-polen.pltel. +45 3091 0021 CEO J\u00f3zef Zelekjz@soegaard-polen.pltel. +48 797 586 338 Office: Natalia Ciasto\u0144office@soegaard-polen.pltel. +48 881 541 986 Accounting: &hellip;\" \/>\n<meta property=\"og:url\" content=\"https:\/\/soegaard-polen.pl\/en\/contact\/\" \/>\n<meta property=\"og:site_name\" content=\"Sogaard Industri Polen\" \/>\n<meta property=\"article:modified_time\" content=\"2026-04-07T11:08:42+00:00\" \/>\n<meta property=\"og:image\" content=\"https:\/\/soegaard-polen.pl\/wp-content\/uploads\/2026\/04\/2-150x150.png\" \/>\n<meta name=\"twitter:card\" content=\"summary_large_image\" \/>\n<meta name=\"twitter:label1\" content=\"Est. reading time\" \/>\n\t<meta name=\"twitter:data1\" content=\"1 minute\" \/>\n<script type=\"application\/ld+json\" class=\"yoast-schema-graph\">{\"@context\":\"https:\/\/schema.org\",\"@graph\":[{\"@type\":\"WebPage\",\"@id\":\"https:\/\/soegaard-polen.pl\/en\/contact\/\",\"url\":\"https:\/\/soegaard-polen.pl\/en\/contact\/\",\"name\":\"CONTACT - Sogaard Industri Polen\",\"isPartOf\":{\"@id\":\"https:\/\/soegaard-polen.pl\/pl\/#website\"},\"datePublished\":\"2018-11-17T16:30:36+00:00\",\"dateModified\":\"2026-04-07T11:08:42+00:00\",\"breadcrumb\":{\"@id\":\"https:\/\/soegaard-polen.pl\/en\/contact\/#breadcrumb\"},\"inLanguage\":\"en-US\",\"potentialAction\":[{\"@type\":\"ReadAction\",\"target\":[\"https:\/\/soegaard-polen.pl\/en\/contact\/\"]}]},{\"@type\":\"BreadcrumbList\",\"@id\":\"https:\/\/soegaard-polen.pl\/en\/contact\/#breadcrumb\",\"itemListElement\":[{\"@type\":\"ListItem\",\"position\":1,\"name\":\"Strona g\u0142\u00f3wna\",\"item\":\"https:\/\/soegaard-polen.pl\/en\/1148-2\/\"},{\"@type\":\"ListItem\",\"position\":2,\"name\":\"CONTACT\"}]},{\"@type\":\"WebSite\",\"@id\":\"https:\/\/soegaard-polen.pl\/pl\/#website\",\"url\":\"https:\/\/soegaard-polen.pl\/pl\/\",\"name\":\"Sogaard Industri Polen\",\"description\":\"\",\"publisher\":{\"@id\":\"https:\/\/soegaard-polen.pl\/pl\/#organization\"},\"potentialAction\":[{\"@type\":\"SearchAction\",\"target\":{\"@type\":\"EntryPoint\",\"urlTemplate\":\"https:\/\/soegaard-polen.pl\/pl\/?s={search_term_string}\"},\"query-input\":\"required name=search_term_string\"}],\"inLanguage\":\"en-US\"},{\"@type\":\"Organization\",\"@id\":\"https:\/\/soegaard-polen.pl\/pl\/#organization\",\"name\":\"Sogaard Industri Polen\",\"url\":\"https:\/\/soegaard-polen.pl\/pl\/\",\"logo\":{\"@type\":\"ImageObject\",\"inLanguage\":\"en-US\",\"@id\":\"https:\/\/soegaard-polen.pl\/pl\/#\/schema\/logo\/image\/\",\"url\":\"https:\/\/soegaard-polen.pl\/wp-content\/uploads\/2026\/03\/cropped-logosp-scaled-1.png\",\"contentUrl\":\"https:\/\/soegaard-polen.pl\/wp-content\/uploads\/2026\/03\/cropped-logosp-scaled-1.png\",\"width\":2559,\"height\":525,\"caption\":\"Sogaard Industri Polen \"},\"image\":{\"@id\":\"https:\/\/soegaard-polen.pl\/pl\/#\/schema\/logo\/image\/\"}}]}<\/script>\n<!-- \/ Yoast SEO plugin. -->","yoast_head_json":{"title":"CONTACT - Sogaard Industri Polen","robots":{"index":"index","follow":"follow","max-snippet":"max-snippet:-1","max-image-preview":"max-image-preview:large","max-video-preview":"max-video-preview:-1"},"canonical":"https:\/\/soegaard-polen.pl\/en\/contact\/","og_locale":"en_US","og_type":"article","og_title":"CONTACT - Sogaard Industri Polen","og_description":"Contact us Company Owner Jim S\u00f8gaard jim@soegaard-polen.pltel. +45 3091 0021 CEO J\u00f3zef Zelekjz@soegaard-polen.pltel. +48 797 586 338 Office: Natalia Ciasto\u0144office@soegaard-polen.pltel. +48 881 541 986 Accounting: &hellip;","og_url":"https:\/\/soegaard-polen.pl\/en\/contact\/","og_site_name":"Sogaard Industri Polen","article_modified_time":"2026-04-07T11:08:42+00:00","og_image":[{"url":"https:\/\/soegaard-polen.pl\/wp-content\/uploads\/2026\/04\/2-150x150.png"}],"twitter_card":"summary_large_image","twitter_misc":{"Est. reading time":"1 minute"},"schema":{"@context":"https:\/\/schema.org","@graph":[{"@type":"WebPage","@id":"https:\/\/soegaard-polen.pl\/en\/contact\/","url":"https:\/\/soegaard-polen.pl\/en\/contact\/","name":"CONTACT - Sogaard Industri Polen","isPartOf":{"@id":"https:\/\/soegaard-polen.pl\/pl\/#website"},"datePublished":"2018-11-17T16:30:36+00:00","dateModified":"2026-04-07T11:08:42+00:00","breadcrumb":{"@id":"https:\/\/soegaard-polen.pl\/en\/contact\/#breadcrumb"},"inLanguage":"en-US","potentialAction":[{"@type":"ReadAction","target":["https:\/\/soegaard-polen.pl\/en\/contact\/"]}]},{"@type":"BreadcrumbList","@id":"https:\/\/soegaard-polen.pl\/en\/contact\/#breadcrumb","itemListElement":[{"@type":"ListItem","position":1,"name":"Strona g\u0142\u00f3wna","item":"https:\/\/soegaard-polen.pl\/en\/1148-2\/"},{"@type":"ListItem","position":2,"name":"CONTACT"}]},{"@type":"WebSite","@id":"https:\/\/soegaard-polen.pl\/pl\/#website","url":"https:\/\/soegaard-polen.pl\/pl\/","name":"Sogaard Industri Polen","description":"","publisher":{"@id":"https:\/\/soegaard-polen.pl\/pl\/#organization"},"potentialAction":[{"@type":"SearchAction","target":{"@type":"EntryPoint","urlTemplate":"https:\/\/soegaard-polen.pl\/pl\/?s={search_term_string}"},"query-input":"required name=search_term_string"}],"inLanguage":"en-US"},{"@type":"Organization","@id":"https:\/\/soegaard-polen.pl\/pl\/#organization","name":"Sogaard Industri Polen","url":"https:\/\/soegaard-polen.pl\/pl\/","logo":{"@type":"ImageObject","inLanguage":"en-US","@id":"https:\/\/soegaard-polen.pl\/pl\/#\/schema\/logo\/image\/","url":"https:\/\/soegaard-polen.pl\/wp-content\/uploads\/2026\/03\/cropped-logosp-scaled-1.png","contentUrl":"https:\/\/soegaard-polen.pl\/wp-content\/uploads\/2026\/03\/cropped-logosp-scaled-1.png","width":2559,"height":525,"caption":"Sogaard Industri Polen "},"image":{"@id":"https:\/\/soegaard-polen.pl\/pl\/#\/schema\/logo\/image\/"}}]}},"_links":{"self":[{"href":"https:\/\/soegaard-polen.pl\/en\/wp-json\/wp\/v2\/pages\/1179","targetHints":{"allow":["GET"]}}],"collection":[{"href":"https:\/\/soegaard-polen.pl\/en\/wp-json\/wp\/v2\/pages"}],"about":[{"href":"https:\/\/soegaard-polen.pl\/en\/wp-json\/wp\/v2\/types\/page"}],"author":[{"embeddable":true,"href":"https:\/\/soegaard-polen.pl\/en\/wp-json\/wp\/v2\/users\/1"}],"replies":[{"embeddable":true,"href":"https:\/\/soegaard-polen.pl\/en\/wp-json\/wp\/v2\/comments?post=1179"}],"version-history":[{"count":27,"href":"https:\/\/soegaard-polen.pl\/en\/wp-json\/wp\/v2\/pages\/1179\/revisions"}],"predecessor-version":[{"id":1535,"href":"https:\/\/soegaard-polen.pl\/en\/wp-json\/wp\/v2\/pages\/1179\/revisions\/1535"}],"wp:attachment":[{"href":"https:\/\/soegaard-polen.pl\/en\/wp-json\/wp\/v2\/media?parent=1179"}],"curies":[{"name":"wp","href":"https:\/\/api.w.org\/{rel}","templated":true}]}}