{"id":1162,"date":"2022-12-21T21:39:26","date_gmt":"2022-12-21T21:39:26","guid":{"rendered":"https:\/\/soegaard-polen.pl\/work-for-us\/"},"modified":"2026-03-25T18:38:11","modified_gmt":"2026-03-25T18:38:11","slug":"work-for-us","status":"publish","type":"page","link":"https:\/\/soegaard-polen.pl\/en\/work-for-us\/","title":{"rendered":"WORK FOR US"},"content":{"rendered":"\t\t<div data-elementor-type=\"wp-page\" data-elementor-id=\"1162\" class=\"elementor elementor-1162 elementor-351\">\n\t\t\t\t\t\t<section class=\"elementor-section elementor-top-section elementor-element elementor-element-6da784b2 elementor-section-boxed elementor-section-height-default elementor-section-height-default\" data-id=\"6da784b2\" data-element_type=\"section\" data-e-type=\"section\">\n\t\t\t\t\t\t<div class=\"elementor-container elementor-column-gap-default\">\n\t\t\t\t\t<div class=\"elementor-column elementor-col-100 elementor-top-column elementor-element elementor-element-1643ebf0\" data-id=\"1643ebf0\" data-element_type=\"column\" data-e-type=\"column\">\n\t\t\t<div class=\"elementor-widget-wrap elementor-element-populated\">\n\t\t\t\t\t\t<div class=\"elementor-element elementor-element-2b78a30 eael-contact-form-7-button-align-left eael-contact-form-7-button-custom elementor-widget elementor-widget-eael-contact-form-7\" data-id=\"2b78a30\" data-element_type=\"widget\" data-e-type=\"widget\" data-widget_type=\"eael-contact-form-7.default\">\n\t\t\t\t<div class=\"elementor-widget-container\">\n\t\t\t\t\t<div class=\"eael-contact-form-7-wrapper\">\n                <div class=\"eael-contact-form eael-contact-form-7 eael-contact-form-2b78a30 placeholder-show eael-contact-form-align-default\">\n<div class=\"wpcf7 no-js\" id=\"wpcf7-f1260-o1\" lang=\"en-US\" dir=\"ltr\" data-wpcf7-id=\"1260\">\n<div class=\"screen-reader-response\"><p role=\"status\" aria-live=\"polite\" aria-atomic=\"true\"><\/p> <ul><\/ul><\/div>\n<form action=\"\/en\/wp-json\/wp\/v2\/pages\/1162#wpcf7-f1260-o1\" method=\"post\" class=\"wpcf7-form init\" aria-label=\"Contact form\" enctype=\"multipart\/form-data\" novalidate=\"novalidate\" data-status=\"init\">\n<fieldset class=\"hidden-fields-container\"><input type=\"hidden\" name=\"_wpcf7\" value=\"1260\" \/><input type=\"hidden\" name=\"_wpcf7_version\" value=\"6.1.5\" \/><input type=\"hidden\" name=\"_wpcf7_locale\" value=\"en_US\" \/><input type=\"hidden\" name=\"_wpcf7_unit_tag\" value=\"wpcf7-f1260-o1\" \/><input type=\"hidden\" name=\"_wpcf7_container_post\" value=\"0\" \/><input type=\"hidden\" name=\"_wpcf7_posted_data_hash\" value=\"\" \/>\n<\/fieldset>\n<p><label> Name<br \/>\n<span class=\"wpcf7-form-control-wrap\" data-name=\"your-name\"><input size=\"40\" maxlength=\"400\" class=\"wpcf7-form-control wpcf7-text wpcf7-validates-as-required\" autocomplete=\"name\" aria-required=\"true\" aria-invalid=\"false\" value=\"\" type=\"text\" name=\"your-name\" \/><\/span> <\/label>\n<\/p>\n<p><label> Email address<br \/>\n<span class=\"wpcf7-form-control-wrap\" data-name=\"your-email\"><input size=\"40\" maxlength=\"400\" class=\"wpcf7-form-control wpcf7-email wpcf7-validates-as-required wpcf7-text wpcf7-validates-as-email\" autocomplete=\"email\" aria-required=\"true\" aria-invalid=\"false\" value=\"\" type=\"email\" name=\"your-email\" \/><\/span> <\/label>\n<\/p>\n<p><label> Telephone number<br \/>\n<span class=\"wpcf7-form-control-wrap\" data-name=\"tel-76\"><input size=\"40\" maxlength=\"400\" minlength=\"9\" class=\"wpcf7-form-control wpcf7-tel wpcf7-validates-as-required wpcf7-text wpcf7-validates-as-tel\" aria-required=\"true\" aria-invalid=\"false\" value=\"\" type=\"tel\" name=\"tel-76\" \/><\/span> <\/label><br \/>\n<label> CV<br \/>\n<span class=\"wpcf7-form-control-wrap\" data-name=\"file-cv\"><input size=\"40\" class=\"wpcf7-form-control wpcf7-file wpcf7-validates-as-required\" accept=\".pdf,.doc,.docx\" aria-required=\"true\" aria-invalid=\"false\" type=\"file\" name=\"file-cv\" \/><\/span> <\/label>\n<\/p>\n<p><label> Describe yourself in a few sentences<br \/>\n<span class=\"wpcf7-form-control-wrap\" data-name=\"your-message\"><textarea cols=\"40\" rows=\"10\" maxlength=\"2000\" class=\"wpcf7-form-control wpcf7-textarea wpcf7-validates-as-required\" aria-required=\"true\" aria-invalid=\"false\" name=\"your-message\"><\/textarea><\/span> <\/label>\n<\/p>\n<p><input class=\"wpcf7-form-control wpcf7-submit has-spinner\" type=\"submit\" value=\"Submit\" \/>\n<\/p><div class=\"wpcf7-response-output\" aria-hidden=\"true\"><\/div>\n<\/form>\n<\/div>\n<\/div>\n            <\/div>\t\t\t\t<\/div>\n\t\t\t\t<\/div>\n\t\t\t\t\t<\/div>\n\t\t<\/div>\n\t\t\t\t\t<\/div>\n\t\t<\/section>\n\t\t\t\t<\/div>\n\t\t","protected":false},"excerpt":{"rendered":"<p>Imi\u0119 Adres e-mail Numer telefonu CV Twoja wiadomo\u015bci (opcjonalne)<\/p>\n","protected":false},"author":1,"featured_media":0,"parent":0,"menu_order":0,"comment_status":"closed","ping_status":"closed","template":"","meta":{"ngg_post_thumbnail":0,"footnotes":""},"class_list":["post-1162","page","type-page","status-publish","hentry"],"yoast_head":"<!-- This site is optimized with the Yoast SEO plugin v19.13 - https:\/\/yoast.com\/wordpress\/plugins\/seo\/ -->\n<title>WORK FOR US - Sogaard Industri Polen<\/title>\n<meta name=\"description\" content=\"W zwi\u0105zku z zwi\u0119kszaj\u0105c\u0105 si\u0119 liczb\u0105 projekt\u00f3w, poszukujemy spawaczy oraz monter\u00f3w do pracy w Polsce i zagranic\u0105. Skontaktuj si\u0119 z nami. Sogaard Industri Polen\" \/>\n<meta name=\"robots\" content=\"index, follow, max-snippet:-1, max-image-preview:large, max-video-preview:-1\" \/>\n<link rel=\"canonical\" href=\"https:\/\/soegaard-polen.pl\/en\/work-for-us\/\" \/>\n<meta property=\"og:locale\" content=\"en_US\" \/>\n<meta property=\"og:type\" content=\"article\" \/>\n<meta property=\"og:title\" content=\"WORK FOR US - Sogaard Industri Polen\" \/>\n<meta property=\"og:description\" content=\"W zwi\u0105zku z zwi\u0119kszaj\u0105c\u0105 si\u0119 liczb\u0105 projekt\u00f3w, poszukujemy spawaczy oraz monter\u00f3w do pracy w Polsce i zagranic\u0105. Skontaktuj si\u0119 z nami. Sogaard Industri Polen\" \/>\n<meta property=\"og:url\" content=\"https:\/\/soegaard-polen.pl\/en\/work-for-us\/\" \/>\n<meta property=\"og:site_name\" content=\"Sogaard Industri Polen\" \/>\n<meta property=\"article:modified_time\" content=\"2026-03-25T18:38:11+00:00\" \/>\n<meta name=\"twitter:card\" content=\"summary_large_image\" \/>\n<meta name=\"twitter:label1\" content=\"Est. reading time\" \/>\n\t<meta name=\"twitter:data1\" content=\"1 minute\" \/>\n<script type=\"application\/ld+json\" class=\"yoast-schema-graph\">{\"@context\":\"https:\/\/schema.org\",\"@graph\":[{\"@type\":\"WebPage\",\"@id\":\"https:\/\/soegaard-polen.pl\/en\/work-for-us\/\",\"url\":\"https:\/\/soegaard-polen.pl\/en\/work-for-us\/\",\"name\":\"WORK FOR US - Sogaard Industri Polen\",\"isPartOf\":{\"@id\":\"https:\/\/soegaard-polen.pl\/pl\/#website\"},\"datePublished\":\"2022-12-21T21:39:26+00:00\",\"dateModified\":\"2026-03-25T18:38:11+00:00\",\"description\":\"W zwi\u0105zku z zwi\u0119kszaj\u0105c\u0105 si\u0119 liczb\u0105 projekt\u00f3w, poszukujemy spawaczy oraz monter\u00f3w do pracy w Polsce i zagranic\u0105. Skontaktuj si\u0119 z nami. Sogaard Industri Polen\",\"breadcrumb\":{\"@id\":\"https:\/\/soegaard-polen.pl\/en\/work-for-us\/#breadcrumb\"},\"inLanguage\":\"en-US\",\"potentialAction\":[{\"@type\":\"ReadAction\",\"target\":[\"https:\/\/soegaard-polen.pl\/en\/work-for-us\/\"]}]},{\"@type\":\"BreadcrumbList\",\"@id\":\"https:\/\/soegaard-polen.pl\/en\/work-for-us\/#breadcrumb\",\"itemListElement\":[{\"@type\":\"ListItem\",\"position\":1,\"name\":\"Strona g\u0142\u00f3wna\",\"item\":\"https:\/\/soegaard-polen.pl\/en\/1148-2\/\"},{\"@type\":\"ListItem\",\"position\":2,\"name\":\"WORK FOR US\"}]},{\"@type\":\"WebSite\",\"@id\":\"https:\/\/soegaard-polen.pl\/pl\/#website\",\"url\":\"https:\/\/soegaard-polen.pl\/pl\/\",\"name\":\"Sogaard Industri Polen\",\"description\":\"\",\"publisher\":{\"@id\":\"https:\/\/soegaard-polen.pl\/pl\/#organization\"},\"potentialAction\":[{\"@type\":\"SearchAction\",\"target\":{\"@type\":\"EntryPoint\",\"urlTemplate\":\"https:\/\/soegaard-polen.pl\/pl\/?s={search_term_string}\"},\"query-input\":\"required name=search_term_string\"}],\"inLanguage\":\"en-US\"},{\"@type\":\"Organization\",\"@id\":\"https:\/\/soegaard-polen.pl\/pl\/#organization\",\"name\":\"Sogaard Industri Polen\",\"url\":\"https:\/\/soegaard-polen.pl\/pl\/\",\"logo\":{\"@type\":\"ImageObject\",\"inLanguage\":\"en-US\",\"@id\":\"https:\/\/soegaard-polen.pl\/pl\/#\/schema\/logo\/image\/\",\"url\":\"https:\/\/soegaard-polen.pl\/wp-content\/uploads\/2026\/03\/cropped-logosp-scaled-1.png\",\"contentUrl\":\"https:\/\/soegaard-polen.pl\/wp-content\/uploads\/2026\/03\/cropped-logosp-scaled-1.png\",\"width\":2559,\"height\":525,\"caption\":\"Sogaard Industri Polen \"},\"image\":{\"@id\":\"https:\/\/soegaard-polen.pl\/pl\/#\/schema\/logo\/image\/\"}}]}<\/script>\n<!-- \/ Yoast SEO plugin. -->","yoast_head_json":{"title":"WORK FOR US - Sogaard Industri Polen","description":"W zwi\u0105zku z zwi\u0119kszaj\u0105c\u0105 si\u0119 liczb\u0105 projekt\u00f3w, poszukujemy spawaczy oraz monter\u00f3w do pracy w Polsce i zagranic\u0105. Skontaktuj si\u0119 z nami. Sogaard Industri Polen","robots":{"index":"index","follow":"follow","max-snippet":"max-snippet:-1","max-image-preview":"max-image-preview:large","max-video-preview":"max-video-preview:-1"},"canonical":"https:\/\/soegaard-polen.pl\/en\/work-for-us\/","og_locale":"en_US","og_type":"article","og_title":"WORK FOR US - Sogaard Industri Polen","og_description":"W zwi\u0105zku z zwi\u0119kszaj\u0105c\u0105 si\u0119 liczb\u0105 projekt\u00f3w, poszukujemy spawaczy oraz monter\u00f3w do pracy w Polsce i zagranic\u0105. Skontaktuj si\u0119 z nami. Sogaard Industri Polen","og_url":"https:\/\/soegaard-polen.pl\/en\/work-for-us\/","og_site_name":"Sogaard Industri Polen","article_modified_time":"2026-03-25T18:38:11+00:00","twitter_card":"summary_large_image","twitter_misc":{"Est. reading time":"1 minute"},"schema":{"@context":"https:\/\/schema.org","@graph":[{"@type":"WebPage","@id":"https:\/\/soegaard-polen.pl\/en\/work-for-us\/","url":"https:\/\/soegaard-polen.pl\/en\/work-for-us\/","name":"WORK FOR US - Sogaard Industri Polen","isPartOf":{"@id":"https:\/\/soegaard-polen.pl\/pl\/#website"},"datePublished":"2022-12-21T21:39:26+00:00","dateModified":"2026-03-25T18:38:11+00:00","description":"W zwi\u0105zku z zwi\u0119kszaj\u0105c\u0105 si\u0119 liczb\u0105 projekt\u00f3w, poszukujemy spawaczy oraz monter\u00f3w do pracy w Polsce i zagranic\u0105. Skontaktuj si\u0119 z nami. Sogaard Industri Polen","breadcrumb":{"@id":"https:\/\/soegaard-polen.pl\/en\/work-for-us\/#breadcrumb"},"inLanguage":"en-US","potentialAction":[{"@type":"ReadAction","target":["https:\/\/soegaard-polen.pl\/en\/work-for-us\/"]}]},{"@type":"BreadcrumbList","@id":"https:\/\/soegaard-polen.pl\/en\/work-for-us\/#breadcrumb","itemListElement":[{"@type":"ListItem","position":1,"name":"Strona g\u0142\u00f3wna","item":"https:\/\/soegaard-polen.pl\/en\/1148-2\/"},{"@type":"ListItem","position":2,"name":"WORK FOR US"}]},{"@type":"WebSite","@id":"https:\/\/soegaard-polen.pl\/pl\/#website","url":"https:\/\/soegaard-polen.pl\/pl\/","name":"Sogaard Industri Polen","description":"","publisher":{"@id":"https:\/\/soegaard-polen.pl\/pl\/#organization"},"potentialAction":[{"@type":"SearchAction","target":{"@type":"EntryPoint","urlTemplate":"https:\/\/soegaard-polen.pl\/pl\/?s={search_term_string}"},"query-input":"required name=search_term_string"}],"inLanguage":"en-US"},{"@type":"Organization","@id":"https:\/\/soegaard-polen.pl\/pl\/#organization","name":"Sogaard Industri Polen","url":"https:\/\/soegaard-polen.pl\/pl\/","logo":{"@type":"ImageObject","inLanguage":"en-US","@id":"https:\/\/soegaard-polen.pl\/pl\/#\/schema\/logo\/image\/","url":"https:\/\/soegaard-polen.pl\/wp-content\/uploads\/2026\/03\/cropped-logosp-scaled-1.png","contentUrl":"https:\/\/soegaard-polen.pl\/wp-content\/uploads\/2026\/03\/cropped-logosp-scaled-1.png","width":2559,"height":525,"caption":"Sogaard Industri Polen "},"image":{"@id":"https:\/\/soegaard-polen.pl\/pl\/#\/schema\/logo\/image\/"}}]}},"_links":{"self":[{"href":"https:\/\/soegaard-polen.pl\/en\/wp-json\/wp\/v2\/pages\/1162","targetHints":{"allow":["GET"]}}],"collection":[{"href":"https:\/\/soegaard-polen.pl\/en\/wp-json\/wp\/v2\/pages"}],"about":[{"href":"https:\/\/soegaard-polen.pl\/en\/wp-json\/wp\/v2\/types\/page"}],"author":[{"embeddable":true,"href":"https:\/\/soegaard-polen.pl\/en\/wp-json\/wp\/v2\/users\/1"}],"replies":[{"embeddable":true,"href":"https:\/\/soegaard-polen.pl\/en\/wp-json\/wp\/v2\/comments?post=1162"}],"version-history":[{"count":2,"href":"https:\/\/soegaard-polen.pl\/en\/wp-json\/wp\/v2\/pages\/1162\/revisions"}],"predecessor-version":[{"id":1263,"href":"https:\/\/soegaard-polen.pl\/en\/wp-json\/wp\/v2\/pages\/1162\/revisions\/1263"}],"wp:attachment":[{"href":"https:\/\/soegaard-polen.pl\/en\/wp-json\/wp\/v2\/media?parent=1162"}],"curies":[{"name":"wp","href":"https:\/\/api.w.org\/{rel}","templated":true}]}}