{"id":1183,"date":"2026-03-24T20:37:40","date_gmt":"2026-03-24T20:37:40","guid":{"rendered":"https:\/\/soegaard-polen.pl\/udlejning-af-personale\/"},"modified":"2026-04-06T18:33:32","modified_gmt":"2026-04-06T18:33:32","slug":"udlejning-af-personale","status":"publish","type":"page","link":"https:\/\/soegaard-polen.pl\/da\/udlejning-af-personale\/","title":{"rendered":"ANS\u00c6T PERSONALE"},"content":{"rendered":"\t\t<div data-elementor-type=\"wp-page\" data-elementor-id=\"1183\" class=\"elementor elementor-1183 elementor-1115\">\n\t\t\t\t\t\t<section class=\"elementor-section elementor-top-section elementor-element elementor-element-60b227e elementor-section-boxed elementor-section-height-default elementor-section-height-default\" data-id=\"60b227e\" data-element_type=\"section\" data-e-type=\"section\">\n\t\t\t\t\t\t<div class=\"elementor-container elementor-column-gap-default\">\n\t\t\t\t\t<div class=\"elementor-column elementor-col-100 elementor-top-column elementor-element elementor-element-c868db7\" data-id=\"c868db7\" data-element_type=\"column\" data-e-type=\"column\">\n\t\t\t<div class=\"elementor-widget-wrap elementor-element-populated\">\n\t\t\t\t\t\t<div class=\"elementor-element elementor-element-12cc285 elementor-widget elementor-widget-text-editor\" data-id=\"12cc285\" data-element_type=\"widget\" data-e-type=\"widget\" data-widget_type=\"text-editor.default\">\n\t\t\t\t<div class=\"elementor-widget-container\">\n\t\t\t\t\t\t\t\t\t<p style=\"font-weight: 400;\">Vi tilbyder udlejning af kvalificerede medarbejdere til virksomheder, der s\u00f8ger erfarne specialister til at udf\u00f8re kr\u00e6vende produktions- og monteringsprojekter. Vores team best\u00e5r af over <strong>50 erfarne TIG- og MAG-svejsere og mont\u00f8rer<\/strong>, der har arbejdet p\u00e5 forskellige projekter i Polen og udlandet i mange \u00e5r.<\/p>\n<p style=\"font-weight: 400;\">Med <strong>over 10 \u00e5rs erfaring i branchen<\/strong> forst\u00e5r vi perfekt vores forretningspartneres behov. Vi leverer medarbejdere, der er klar til at arbejde fra dag \u00e9t, med de rette kvalifikationer, professionel erfaring og evnen til at arbejde i henhold til teknisk dokumentation.<\/p>\n<p style=\"font-weight: 400;\">Vi fokuserer p\u00e5 den h\u00f8jeste kvalitet i udf\u00f8relsen, pr\u00e6cision og opm\u00e6rksomhed p\u00e5 alle detaljer, og derfor udf\u00f8rer vores specialister deres opgaver med fuld engagement og professionalisme. Vi har alle de n\u00f8dvendige certifikater og dokumenter, der bekr\u00e6fter vores teams kompetence og overholdelse af g\u00e6ldende industristandarder.<\/p>\n<p style=\"font-weight: 400;\"><strong>Ved at samarbejde med os f\u00e5r du:<\/strong><\/p>\n<p>&#8211; adgang til erfarne TIG- og MAG-svejsere og mont\u00f8rer<\/p>\n\n<p>&#8211; fleksibel tilpasning af antallet af medarbejdere til projektets behov<\/p>\n\n<p>&#8211; specialister med mange \u00e5rs erfaring<\/p>\n\n<p>&#8211; en garanti for kvalitet, rettidighed og professionel udf\u00f8relse<\/p>\n<p style=\"font-weight: 400;\"><strong>V\u00e6lg et erfarent team og styrk dit projekt med erfarne fagfolk.<\/strong><\/p>\n<p style=\"font-weight: 400;\"><strong> <\/strong><\/p>\n<p style=\"font-weight: 400;\">Kontakt:<\/p>\n<p style=\"font-weight: 400;\"><strong>J\u00f3zef Zelek<\/strong><\/p>\n<p style=\"font-weight: 400;\"><\/p>\n<a href=\"tel:+48797586338\">+48 797 586 338<\/a>\t\t\t\t\t\t\t\t<\/div>\n\t\t\t\t<\/div>\n\t\t\t\t\t<\/div>\n\t\t<\/div>\n\t\t\t\t\t<\/div>\n\t\t<\/section>\n\t\t\t\t<\/div>\n\t\t","protected":false},"excerpt":{"rendered":"<p>Vi tilbyder udlejning af kvalificerede medarbejdere til virksomheder, der s\u00f8ger erfarne specialister til at udf\u00f8re kr\u00e6vende produktions- og monteringsprojekter. Vores team best\u00e5r af over 50 &hellip;<\/p>\n","protected":false},"author":1,"featured_media":0,"parent":0,"menu_order":0,"comment_status":"closed","ping_status":"closed","template":"","meta":{"ngg_post_thumbnail":0,"footnotes":""},"class_list":["post-1183","page","type-page","status-publish","hentry"],"yoast_head":"<!-- This site is optimized with the Yoast SEO plugin v19.13 - https:\/\/yoast.com\/wordpress\/plugins\/seo\/ -->\n<title>ANS\u00c6T PERSONALE - Sogaard Industri Polen<\/title>\n<meta name=\"robots\" content=\"index, follow, max-snippet:-1, max-image-preview:large, max-video-preview:-1\" \/>\n<link rel=\"canonical\" href=\"https:\/\/soegaard-polen.pl\/da\/udlejning-af-personale\/\" \/>\n<meta property=\"og:locale\" content=\"da_DK\" \/>\n<meta property=\"og:type\" content=\"article\" \/>\n<meta property=\"og:title\" content=\"ANS\u00c6T PERSONALE - Sogaard Industri Polen\" \/>\n<meta property=\"og:description\" content=\"Vi tilbyder udlejning af kvalificerede medarbejdere til virksomheder, der s\u00f8ger erfarne specialister til at udf\u00f8re kr\u00e6vende produktions- og monteringsprojekter. Vores team best\u00e5r af over 50 &hellip;\" \/>\n<meta property=\"og:url\" content=\"https:\/\/soegaard-polen.pl\/da\/udlejning-af-personale\/\" \/>\n<meta property=\"og:site_name\" content=\"Sogaard Industri Polen\" \/>\n<meta property=\"article:modified_time\" content=\"2026-04-06T18:33:32+00:00\" \/>\n<meta name=\"twitter:card\" content=\"summary_large_image\" \/>\n<meta name=\"twitter:label1\" content=\"Estimeret l\u00e6setid\" \/>\n\t<meta name=\"twitter:data1\" content=\"1 minut\" \/>\n<script type=\"application\/ld+json\" class=\"yoast-schema-graph\">{\"@context\":\"https:\/\/schema.org\",\"@graph\":[{\"@type\":\"WebPage\",\"@id\":\"https:\/\/soegaard-polen.pl\/da\/udlejning-af-personale\/\",\"url\":\"https:\/\/soegaard-polen.pl\/da\/udlejning-af-personale\/\",\"name\":\"ANS\u00c6T PERSONALE - Sogaard Industri Polen\",\"isPartOf\":{\"@id\":\"https:\/\/soegaard-polen.pl\/pl\/#website\"},\"datePublished\":\"2026-03-24T20:37:40+00:00\",\"dateModified\":\"2026-04-06T18:33:32+00:00\",\"breadcrumb\":{\"@id\":\"https:\/\/soegaard-polen.pl\/da\/udlejning-af-personale\/#breadcrumb\"},\"inLanguage\":\"da-DK\",\"potentialAction\":[{\"@type\":\"ReadAction\",\"target\":[\"https:\/\/soegaard-polen.pl\/da\/udlejning-af-personale\/\"]}]},{\"@type\":\"BreadcrumbList\",\"@id\":\"https:\/\/soegaard-polen.pl\/da\/udlejning-af-personale\/#breadcrumb\",\"itemListElement\":[{\"@type\":\"ListItem\",\"position\":1,\"name\":\"Strona g\u0142\u00f3wna\",\"item\":\"https:\/\/soegaard-polen.pl\/da\/1165-2\/\"},{\"@type\":\"ListItem\",\"position\":2,\"name\":\"ANS\u00c6T PERSONALE\"}]},{\"@type\":\"WebSite\",\"@id\":\"https:\/\/soegaard-polen.pl\/pl\/#website\",\"url\":\"https:\/\/soegaard-polen.pl\/pl\/\",\"name\":\"Sogaard Industri Polen\",\"description\":\"\",\"publisher\":{\"@id\":\"https:\/\/soegaard-polen.pl\/pl\/#organization\"},\"potentialAction\":[{\"@type\":\"SearchAction\",\"target\":{\"@type\":\"EntryPoint\",\"urlTemplate\":\"https:\/\/soegaard-polen.pl\/pl\/?s={search_term_string}\"},\"query-input\":\"required name=search_term_string\"}],\"inLanguage\":\"da-DK\"},{\"@type\":\"Organization\",\"@id\":\"https:\/\/soegaard-polen.pl\/pl\/#organization\",\"name\":\"Sogaard Industri Polen\",\"url\":\"https:\/\/soegaard-polen.pl\/pl\/\",\"logo\":{\"@type\":\"ImageObject\",\"inLanguage\":\"da-DK\",\"@id\":\"https:\/\/soegaard-polen.pl\/pl\/#\/schema\/logo\/image\/\",\"url\":\"https:\/\/soegaard-polen.pl\/wp-content\/uploads\/2026\/03\/cropped-logosp-scaled-1.png\",\"contentUrl\":\"https:\/\/soegaard-polen.pl\/wp-content\/uploads\/2026\/03\/cropped-logosp-scaled-1.png\",\"width\":2559,\"height\":525,\"caption\":\"Sogaard Industri Polen \"},\"image\":{\"@id\":\"https:\/\/soegaard-polen.pl\/pl\/#\/schema\/logo\/image\/\"}}]}<\/script>\n<!-- \/ Yoast SEO plugin. -->","yoast_head_json":{"title":"ANS\u00c6T PERSONALE - Sogaard Industri Polen","robots":{"index":"index","follow":"follow","max-snippet":"max-snippet:-1","max-image-preview":"max-image-preview:large","max-video-preview":"max-video-preview:-1"},"canonical":"https:\/\/soegaard-polen.pl\/da\/udlejning-af-personale\/","og_locale":"da_DK","og_type":"article","og_title":"ANS\u00c6T PERSONALE - Sogaard Industri Polen","og_description":"Vi tilbyder udlejning af kvalificerede medarbejdere til virksomheder, der s\u00f8ger erfarne specialister til at udf\u00f8re kr\u00e6vende produktions- og monteringsprojekter. Vores team best\u00e5r af over 50 &hellip;","og_url":"https:\/\/soegaard-polen.pl\/da\/udlejning-af-personale\/","og_site_name":"Sogaard Industri Polen","article_modified_time":"2026-04-06T18:33:32+00:00","twitter_card":"summary_large_image","twitter_misc":{"Estimeret l\u00e6setid":"1 minut"},"schema":{"@context":"https:\/\/schema.org","@graph":[{"@type":"WebPage","@id":"https:\/\/soegaard-polen.pl\/da\/udlejning-af-personale\/","url":"https:\/\/soegaard-polen.pl\/da\/udlejning-af-personale\/","name":"ANS\u00c6T PERSONALE - Sogaard Industri Polen","isPartOf":{"@id":"https:\/\/soegaard-polen.pl\/pl\/#website"},"datePublished":"2026-03-24T20:37:40+00:00","dateModified":"2026-04-06T18:33:32+00:00","breadcrumb":{"@id":"https:\/\/soegaard-polen.pl\/da\/udlejning-af-personale\/#breadcrumb"},"inLanguage":"da-DK","potentialAction":[{"@type":"ReadAction","target":["https:\/\/soegaard-polen.pl\/da\/udlejning-af-personale\/"]}]},{"@type":"BreadcrumbList","@id":"https:\/\/soegaard-polen.pl\/da\/udlejning-af-personale\/#breadcrumb","itemListElement":[{"@type":"ListItem","position":1,"name":"Strona g\u0142\u00f3wna","item":"https:\/\/soegaard-polen.pl\/da\/1165-2\/"},{"@type":"ListItem","position":2,"name":"ANS\u00c6T PERSONALE"}]},{"@type":"WebSite","@id":"https:\/\/soegaard-polen.pl\/pl\/#website","url":"https:\/\/soegaard-polen.pl\/pl\/","name":"Sogaard Industri Polen","description":"","publisher":{"@id":"https:\/\/soegaard-polen.pl\/pl\/#organization"},"potentialAction":[{"@type":"SearchAction","target":{"@type":"EntryPoint","urlTemplate":"https:\/\/soegaard-polen.pl\/pl\/?s={search_term_string}"},"query-input":"required name=search_term_string"}],"inLanguage":"da-DK"},{"@type":"Organization","@id":"https:\/\/soegaard-polen.pl\/pl\/#organization","name":"Sogaard Industri Polen","url":"https:\/\/soegaard-polen.pl\/pl\/","logo":{"@type":"ImageObject","inLanguage":"da-DK","@id":"https:\/\/soegaard-polen.pl\/pl\/#\/schema\/logo\/image\/","url":"https:\/\/soegaard-polen.pl\/wp-content\/uploads\/2026\/03\/cropped-logosp-scaled-1.png","contentUrl":"https:\/\/soegaard-polen.pl\/wp-content\/uploads\/2026\/03\/cropped-logosp-scaled-1.png","width":2559,"height":525,"caption":"Sogaard Industri Polen "},"image":{"@id":"https:\/\/soegaard-polen.pl\/pl\/#\/schema\/logo\/image\/"}}]}},"_links":{"self":[{"href":"https:\/\/soegaard-polen.pl\/da\/wp-json\/wp\/v2\/pages\/1183","targetHints":{"allow":["GET"]}}],"collection":[{"href":"https:\/\/soegaard-polen.pl\/da\/wp-json\/wp\/v2\/pages"}],"about":[{"href":"https:\/\/soegaard-polen.pl\/da\/wp-json\/wp\/v2\/types\/page"}],"author":[{"embeddable":true,"href":"https:\/\/soegaard-polen.pl\/da\/wp-json\/wp\/v2\/users\/1"}],"replies":[{"embeddable":true,"href":"https:\/\/soegaard-polen.pl\/da\/wp-json\/wp\/v2\/comments?post=1183"}],"version-history":[{"count":3,"href":"https:\/\/soegaard-polen.pl\/da\/wp-json\/wp\/v2\/pages\/1183\/revisions"}],"predecessor-version":[{"id":1529,"href":"https:\/\/soegaard-polen.pl\/da\/wp-json\/wp\/v2\/pages\/1183\/revisions\/1529"}],"wp:attachment":[{"href":"https:\/\/soegaard-polen.pl\/da\/wp-json\/wp\/v2\/media?parent=1183"}],"curies":[{"name":"wp","href":"https:\/\/api.w.org\/{rel}","templated":true}]}}