{"id":1165,"date":"2018-11-17T15:55:22","date_gmt":"2018-11-17T15:55:22","guid":{"rendered":"https:\/\/soegaard-polen.pl\/1165-2\/"},"modified":"2026-03-31T07:58:35","modified_gmt":"2026-03-31T07:58:35","slug":"1165-2","status":"publish","type":"page","link":"https:\/\/soegaard-polen.pl\/da\/","title":{"rendered":""},"content":{"rendered":"\t\t<div data-elementor-type=\"wp-page\" data-elementor-id=\"1165\" class=\"elementor elementor-1165 elementor-2\">\n\t\t\t\t\t\t<section class=\"elementor-section elementor-top-section elementor-element elementor-element-e69fa58 elementor-section-boxed elementor-section-height-default elementor-section-height-default\" data-id=\"e69fa58\" data-element_type=\"section\" data-e-type=\"section\">\n\t\t\t\t\t\t<div class=\"elementor-container elementor-column-gap-default\">\n\t\t\t\t\t<div class=\"elementor-column elementor-col-100 elementor-top-column elementor-element elementor-element-b24e279\" data-id=\"b24e279\" data-element_type=\"column\" data-e-type=\"column\">\n\t\t\t<div class=\"elementor-widget-wrap elementor-element-populated\">\n\t\t\t\t\t\t<div class=\"elementor-element elementor-element-b2b82cc elementor-widget elementor-widget-text-editor\" data-id=\"b2b82cc\" data-element_type=\"widget\" data-e-type=\"widget\" data-widget_type=\"text-editor.default\">\n\t\t\t\t<div class=\"elementor-widget-container\">\n\t\t\t\t\t\t\t\t\t<p><span class=\"css-1jxf684 r-bcqeeo r-1ttztb7 r-qvutc0 r-poiln3 r-1adg3ll r-1g7jtus r-1x3r274\"><span class=\"css-1jxf684 r-bcqeeo r-1ttztb7 r-qvutc0 r-poiln3\"><span class=\"css-1jxf684 r-bcqeeo r-1ttztb7 r-qvutc0 r-poiln3 r-1x3r274\"><strong>S\u00d8GAARD INDUSTRI POLEN PROCESS &amp; ENGINEERING<\/strong> <\/span><\/span><\/span><\/p>\t\t\t\t\t\t\t\t<\/div>\n\t\t\t\t<\/div>\n\t\t\t\t<div class=\"elementor-element elementor-element-9caca54 elementor-widget elementor-widget-text-editor\" data-id=\"9caca54\" data-element_type=\"widget\" data-e-type=\"widget\" data-widget_type=\"text-editor.default\">\n\t\t\t\t<div class=\"elementor-widget-container\">\n\t\t\t\t\t\t\t\t\t<p style=\"text-align: center;\">Vi er en virksomhed, der siden 2016 st\u00f8t har opbygget sin position inden for ingeni\u00f8r- og produktionsbranchen,<br>hvor vi forener skandinaviske kvalitetsstandarder med polsk produktionskapacitet.<\/p>\n<p style=\"text-align: center;\">Vi startede vores virksomhed som underleverand\u00f8r til svejseprojekter i udlandet.<\/p>\n<p style=\"text-align: center;\">Den erfaring, vi har opn\u00e5et, og vores partneres tillid gjorde det muligt for os at starte vores egen produktion i Polen allerede i 2018.<\/p>\n<p style=\"text-align: center;\">I dag har vi specialiseret os i omfattende produktion af udstyr i rustfrit st\u00e5l af h\u00f8j kvalitet, s\u00e5som:<\/p>\n\n<ul style=\"text-align: center;\">\n \t<li>tanke,<\/li>\n \t<li>blandere,<\/li>\n \t<li>skids,<\/li>\n \t<li>filtreringssystemer<\/li>\n<\/ul>\n<p style=\"text-align: center;\">Vi tilbyder ogs\u00e5 professionelle svejse- og montagetjenester \u2013 b\u00e5de i Polen og i udlandet.<\/p>\n<p style=\"text-align: center;\">Vi fokuserer p\u00e5 pr\u00e6cision, p\u00e5lidelighed og en individuel tilgang til hvert projekt.<\/p>\n<p style=\"text-align: center;\">Vi skaber l\u00f8sninger, der er skr\u00e6ddersyet til de mest kr\u00e6vende kunders behov.<\/p>\n<p style=\"text-align: center;\"><strong>Vi inviterer dig til at se n\u00e6rmere p\u00e5 vores<a href=\"https:\/\/soegaard-polen.pl\/da\/projekter\/\"> projekter.<\/a><\/strong><\/p>\n<p style=\"text-align: center;\"><\/p>\t\t\t\t\t\t\t\t<\/div>\n\t\t\t\t<\/div>\n\t\t\t\t\t<\/div>\n\t\t<\/div>\n\t\t\t\t\t<\/div>\n\t\t<\/section>\n\t\t\t\t<\/div>\n\t\t","protected":false},"excerpt":{"rendered":"<p>S\u00d8GAARD INDUSTRI POLEN PROCESS &amp; ENGINEERING Vi er en virksomhed, der siden 2016 st\u00f8t har opbygget sin position inden for ingeni\u00f8r- og produktionsbranchen,hvor vi forener &hellip;<\/p>\n","protected":false},"author":1,"featured_media":0,"parent":0,"menu_order":0,"comment_status":"closed","ping_status":"closed","template":"","meta":{"ngg_post_thumbnail":0,"footnotes":""},"class_list":["post-1165","page","type-page","status-publish","hentry"],"yoast_head":"<!-- This site is optimized with the Yoast SEO plugin v19.13 - https:\/\/yoast.com\/wordpress\/plugins\/seo\/ -->\n<title>- Sogaard Industri Polen<\/title>\n<meta name=\"robots\" content=\"index, follow, max-snippet:-1, max-image-preview:large, max-video-preview:-1\" \/>\n<link rel=\"canonical\" href=\"https:\/\/soegaard-polen.pl\/da\/1165-2\/\" \/>\n<meta property=\"og:locale\" content=\"da_DK\" \/>\n<meta property=\"og:type\" content=\"article\" \/>\n<meta property=\"og:title\" content=\"- Sogaard Industri Polen\" \/>\n<meta property=\"og:description\" content=\"S\u00d8GAARD INDUSTRI POLEN PROCESS &amp; ENGINEERING Vi er en virksomhed, der siden 2016 st\u00f8t har opbygget sin position inden for ingeni\u00f8r- og produktionsbranchen,hvor vi forener &hellip;\" \/>\n<meta property=\"og:url\" content=\"https:\/\/soegaard-polen.pl\/da\/1165-2\/\" \/>\n<meta property=\"og:site_name\" content=\"Sogaard Industri Polen\" \/>\n<meta property=\"article:modified_time\" content=\"2026-03-31T07:58:35+00:00\" \/>\n<meta name=\"twitter:card\" content=\"summary_large_image\" \/>\n<meta name=\"twitter:label1\" content=\"Estimeret l\u00e6setid\" \/>\n\t<meta name=\"twitter:data1\" content=\"1 minut\" \/>\n<script type=\"application\/ld+json\" class=\"yoast-schema-graph\">{\"@context\":\"https:\/\/schema.org\",\"@graph\":[{\"@type\":\"WebPage\",\"@id\":\"https:\/\/soegaard-polen.pl\/da\/1165-2\/\",\"url\":\"https:\/\/soegaard-polen.pl\/da\/1165-2\/\",\"name\":\"- Sogaard Industri Polen\",\"isPartOf\":{\"@id\":\"https:\/\/soegaard-polen.pl\/pl\/#website\"},\"datePublished\":\"2018-11-17T15:55:22+00:00\",\"dateModified\":\"2026-03-31T07:58:35+00:00\",\"inLanguage\":\"da-DK\",\"potentialAction\":[{\"@type\":\"ReadAction\",\"target\":[\"https:\/\/soegaard-polen.pl\/da\/1165-2\/\"]}]},{\"@type\":\"WebSite\",\"@id\":\"https:\/\/soegaard-polen.pl\/pl\/#website\",\"url\":\"https:\/\/soegaard-polen.pl\/pl\/\",\"name\":\"Sogaard Industri Polen\",\"description\":\"\",\"publisher\":{\"@id\":\"https:\/\/soegaard-polen.pl\/pl\/#organization\"},\"potentialAction\":[{\"@type\":\"SearchAction\",\"target\":{\"@type\":\"EntryPoint\",\"urlTemplate\":\"https:\/\/soegaard-polen.pl\/pl\/?s={search_term_string}\"},\"query-input\":\"required name=search_term_string\"}],\"inLanguage\":\"da-DK\"},{\"@type\":\"Organization\",\"@id\":\"https:\/\/soegaard-polen.pl\/pl\/#organization\",\"name\":\"Sogaard Industri Polen\",\"url\":\"https:\/\/soegaard-polen.pl\/pl\/\",\"logo\":{\"@type\":\"ImageObject\",\"inLanguage\":\"da-DK\",\"@id\":\"https:\/\/soegaard-polen.pl\/pl\/#\/schema\/logo\/image\/\",\"url\":\"https:\/\/soegaard-polen.pl\/wp-content\/uploads\/2026\/03\/cropped-logosp-scaled-1.png\",\"contentUrl\":\"https:\/\/soegaard-polen.pl\/wp-content\/uploads\/2026\/03\/cropped-logosp-scaled-1.png\",\"width\":2559,\"height\":525,\"caption\":\"Sogaard Industri Polen \"},\"image\":{\"@id\":\"https:\/\/soegaard-polen.pl\/pl\/#\/schema\/logo\/image\/\"}}]}<\/script>\n<!-- \/ Yoast SEO plugin. -->","yoast_head_json":{"title":"- Sogaard Industri Polen","robots":{"index":"index","follow":"follow","max-snippet":"max-snippet:-1","max-image-preview":"max-image-preview:large","max-video-preview":"max-video-preview:-1"},"canonical":"https:\/\/soegaard-polen.pl\/da\/1165-2\/","og_locale":"da_DK","og_type":"article","og_title":"- Sogaard Industri Polen","og_description":"S\u00d8GAARD INDUSTRI POLEN PROCESS &amp; ENGINEERING Vi er en virksomhed, der siden 2016 st\u00f8t har opbygget sin position inden for ingeni\u00f8r- og produktionsbranchen,hvor vi forener &hellip;","og_url":"https:\/\/soegaard-polen.pl\/da\/1165-2\/","og_site_name":"Sogaard Industri Polen","article_modified_time":"2026-03-31T07:58:35+00:00","twitter_card":"summary_large_image","twitter_misc":{"Estimeret l\u00e6setid":"1 minut"},"schema":{"@context":"https:\/\/schema.org","@graph":[{"@type":"WebPage","@id":"https:\/\/soegaard-polen.pl\/da\/1165-2\/","url":"https:\/\/soegaard-polen.pl\/da\/1165-2\/","name":"- Sogaard Industri Polen","isPartOf":{"@id":"https:\/\/soegaard-polen.pl\/pl\/#website"},"datePublished":"2018-11-17T15:55:22+00:00","dateModified":"2026-03-31T07:58:35+00:00","inLanguage":"da-DK","potentialAction":[{"@type":"ReadAction","target":["https:\/\/soegaard-polen.pl\/da\/1165-2\/"]}]},{"@type":"WebSite","@id":"https:\/\/soegaard-polen.pl\/pl\/#website","url":"https:\/\/soegaard-polen.pl\/pl\/","name":"Sogaard Industri Polen","description":"","publisher":{"@id":"https:\/\/soegaard-polen.pl\/pl\/#organization"},"potentialAction":[{"@type":"SearchAction","target":{"@type":"EntryPoint","urlTemplate":"https:\/\/soegaard-polen.pl\/pl\/?s={search_term_string}"},"query-input":"required name=search_term_string"}],"inLanguage":"da-DK"},{"@type":"Organization","@id":"https:\/\/soegaard-polen.pl\/pl\/#organization","name":"Sogaard Industri Polen","url":"https:\/\/soegaard-polen.pl\/pl\/","logo":{"@type":"ImageObject","inLanguage":"da-DK","@id":"https:\/\/soegaard-polen.pl\/pl\/#\/schema\/logo\/image\/","url":"https:\/\/soegaard-polen.pl\/wp-content\/uploads\/2026\/03\/cropped-logosp-scaled-1.png","contentUrl":"https:\/\/soegaard-polen.pl\/wp-content\/uploads\/2026\/03\/cropped-logosp-scaled-1.png","width":2559,"height":525,"caption":"Sogaard Industri Polen "},"image":{"@id":"https:\/\/soegaard-polen.pl\/pl\/#\/schema\/logo\/image\/"}}]}},"_links":{"self":[{"href":"https:\/\/soegaard-polen.pl\/da\/wp-json\/wp\/v2\/pages\/1165","targetHints":{"allow":["GET"]}}],"collection":[{"href":"https:\/\/soegaard-polen.pl\/da\/wp-json\/wp\/v2\/pages"}],"about":[{"href":"https:\/\/soegaard-polen.pl\/da\/wp-json\/wp\/v2\/types\/page"}],"author":[{"embeddable":true,"href":"https:\/\/soegaard-polen.pl\/da\/wp-json\/wp\/v2\/users\/1"}],"replies":[{"embeddable":true,"href":"https:\/\/soegaard-polen.pl\/da\/wp-json\/wp\/v2\/comments?post=1165"}],"version-history":[{"count":6,"href":"https:\/\/soegaard-polen.pl\/da\/wp-json\/wp\/v2\/pages\/1165\/revisions"}],"predecessor-version":[{"id":1477,"href":"https:\/\/soegaard-polen.pl\/da\/wp-json\/wp\/v2\/pages\/1165\/revisions\/1477"}],"wp:attachment":[{"href":"https:\/\/soegaard-polen.pl\/da\/wp-json\/wp\/v2\/media?parent=1165"}],"curies":[{"name":"wp","href":"https:\/\/api.w.org\/{rel}","templated":true}]}}